{"id":15912,"date":"2024-01-20T20:38:10","date_gmt":"2024-01-20T17:38:10","guid":{"rendered":"https:\/\/canverditicaret.com\/urun\/bd-js10-400w-dekupaj-testere\/"},"modified":"2025-02-16T16:06:08","modified_gmt":"2025-02-16T13:06:08","slug":"bd-js10-400w-dekupaj-testere","status":"publish","type":"product","link":"https:\/\/canverditicaret.com\/en\/product\/bd-js10-400w-dekupaj-testere\/","title":{"rendered":"B&amp;D JS10 400W JIGSAW"},"content":{"rendered":"<table class=\"table table-borderless table-sm\">\n<tbody>\n<tr>\n<th>Working Type<\/th>\n<td class=\"text-c2 feature\"><span class=\"feature-value\"><br \/>\nElectric<\/span><\/td>\n<\/tr>\n<tr>\n<th>Battery Option<\/th>\n<td class=\"text-c2 feature\"><span class=\"feature-value\"><br \/>\nwithout battery<\/span><\/td>\n<\/tr>\n<tr>\n<th>No Load Speed<\/th>\n<td class=\"text-c2 feature\"><span class=\"feature-value\"><br \/>\n3000<\/span><br \/>\n<span class=\"text-c2 symbol\">rpm<\/span><\/td>\n<\/tr>\n<tr>\n<th>Cutting Depth Wood<\/th>\n<td class=\"text-c2 feature\"><span class=\"feature-value\"><br \/>\n65<\/span><br \/>\n<span class=\"text-c2 symbol\">mm<\/span><\/td>\n<\/tr>\n<tr>\n<th>Package Included<\/th>\n<td class=\"text-c2 feature\"><span class=\"feature-value\"><br \/>\n<\/span><\/td>\n<\/tr>\n<\/tbody>\n<\/table>","protected":false},"excerpt":{"rendered":"<p>Working Type Electric Battery Option Without Battery No Load Speed 3000 rpm Cutting Depth Wood 65 mm Package Content<\/p>","protected":false},"featured_media":15966,"comment_status":"open","ping_status":"closed","template":"","meta":[],"product_cat":[79],"product_tag":[],"class_list":["post-15912","product","type-product","status-publish","has-post-thumbnail","hentry","product_cat-elektrikli-el-aletleri"],"yoast_head":"<!-- This site is optimized with the Yoast SEO plugin v21.6 - https:\/\/yoast.com\/wordpress\/plugins\/seo\/ -->\n<title>B&amp;D JS10 400W DEKUPAJ TESTERE - Can Verdi Ticaret<\/title>\n<meta name=\"robots\" content=\"index, follow, max-snippet:-1, max-image-preview:large, max-video-preview:-1\" \/>\n<link rel=\"canonical\" href=\"https:\/\/canverditicaret.com\/en\/product\/bd-js10-400w-dekupaj-testere\/\" \/>\n<meta property=\"og:locale\" content=\"en_US\" \/>\n<meta property=\"og:type\" content=\"article\" \/>\n<meta property=\"og:title\" content=\"B&amp;D JS10 400W DEKUPAJ TESTERE - Can Verdi Ticaret\" \/>\n<meta property=\"og:description\" content=\"\u00c7al\u0131\u015fma Tipi Elektrikli Ak\u00fc Se\u00e7ene\u011fi Ak\u00fcs\u00fcz Y\u00fcks\u00fcz H\u0131z\u0131 3000 dev\/dk Kesme Derinli\u011fi Ah\u015fap 65 mm Paket \u0130\u00e7eri\u011fi\" \/>\n<meta property=\"og:url\" content=\"https:\/\/canverditicaret.com\/en\/product\/bd-js10-400w-dekupaj-testere\/\" \/>\n<meta property=\"og:site_name\" content=\"Can Verdi Ticaret\" \/>\n<meta property=\"article:modified_time\" content=\"2025-02-16T13:06:08+00:00\" \/>\n<meta property=\"og:image\" content=\"https:\/\/canverditicaret.com\/wp-content\/uploads\/2024\/01\/black-decker-js10-tr-400w-kompakt-dekupaj-testere.jpg\" \/>\n\t<meta property=\"og:image:width\" content=\"1024\" \/>\n\t<meta property=\"og:image:height\" content=\"1024\" \/>\n\t<meta property=\"og:image:type\" content=\"image\/jpeg\" \/>\n<meta name=\"twitter:card\" content=\"summary_large_image\" \/>\n<meta name=\"twitter:label1\" content=\"Est. reading time\" \/>\n\t<meta name=\"twitter:data1\" content=\"1 minute\" \/>\n<script type=\"application\/ld+json\" class=\"yoast-schema-graph\">{\"@context\":\"https:\/\/schema.org\",\"@graph\":[{\"@type\":\"WebPage\",\"@id\":\"https:\/\/canverditicaret.com\/urun\/bd-js10-400w-dekupaj-testere\/\",\"url\":\"https:\/\/canverditicaret.com\/urun\/bd-js10-400w-dekupaj-testere\/\",\"name\":\"B&D JS10 400W DEKUPAJ TESTERE - Can Verdi Ticaret\",\"isPartOf\":{\"@id\":\"https:\/\/canverditicaret.com\/#website\"},\"datePublished\":\"2024-01-20T17:38:10+00:00\",\"dateModified\":\"2025-02-16T13:06:08+00:00\",\"breadcrumb\":{\"@id\":\"https:\/\/canverditicaret.com\/urun\/bd-js10-400w-dekupaj-testere\/#breadcrumb\"},\"inLanguage\":\"en-US\",\"potentialAction\":[{\"@type\":\"ReadAction\",\"target\":[\"https:\/\/canverditicaret.com\/urun\/bd-js10-400w-dekupaj-testere\/\"]}]},{\"@type\":\"BreadcrumbList\",\"@id\":\"https:\/\/canverditicaret.com\/urun\/bd-js10-400w-dekupaj-testere\/#breadcrumb\",\"itemListElement\":[{\"@type\":\"ListItem\",\"position\":1,\"name\":\"Anasayfa\",\"item\":\"https:\/\/canverditicaret.com\/\"},{\"@type\":\"ListItem\",\"position\":2,\"name\":\"Ma\u011faza\",\"item\":\"https:\/\/canverditicaret.com\/shop\/\"},{\"@type\":\"ListItem\",\"position\":3,\"name\":\"B&#038;D JS10 400W DEKUPAJ TESTERE\"}]},{\"@type\":\"WebSite\",\"@id\":\"https:\/\/canverditicaret.com\/#website\",\"url\":\"https:\/\/canverditicaret.com\/\",\"name\":\"Can Verdi Ticaret\",\"description\":\"Can Verdi Ticaret\",\"potentialAction\":[{\"@type\":\"SearchAction\",\"target\":{\"@type\":\"EntryPoint\",\"urlTemplate\":\"https:\/\/canverditicaret.com\/?s={search_term_string}\"},\"query-input\":\"required name=search_term_string\"}],\"inLanguage\":\"en-US\"}]}<\/script>\n<!-- \/ Yoast SEO plugin. -->","yoast_head_json":{"title":"B&D JS10 400W DEKUPAJ TESTERE - Can Verdi Ticaret","robots":{"index":"index","follow":"follow","max-snippet":"max-snippet:-1","max-image-preview":"max-image-preview:large","max-video-preview":"max-video-preview:-1"},"canonical":"https:\/\/canverditicaret.com\/en\/product\/bd-js10-400w-dekupaj-testere\/","og_locale":"en_US","og_type":"article","og_title":"B&D JS10 400W DEKUPAJ TESTERE - Can Verdi Ticaret","og_description":"\u00c7al\u0131\u015fma Tipi Elektrikli Ak\u00fc Se\u00e7ene\u011fi Ak\u00fcs\u00fcz Y\u00fcks\u00fcz H\u0131z\u0131 3000 dev\/dk Kesme Derinli\u011fi Ah\u015fap 65 mm Paket \u0130\u00e7eri\u011fi","og_url":"https:\/\/canverditicaret.com\/en\/product\/bd-js10-400w-dekupaj-testere\/","og_site_name":"Can Verdi Ticaret","article_modified_time":"2025-02-16T13:06:08+00:00","og_image":[{"width":1024,"height":1024,"url":"https:\/\/canverditicaret.com\/wp-content\/uploads\/2024\/01\/black-decker-js10-tr-400w-kompakt-dekupaj-testere.jpg","type":"image\/jpeg"}],"twitter_card":"summary_large_image","twitter_misc":{"Est. reading time":"1 minute"},"schema":{"@context":"https:\/\/schema.org","@graph":[{"@type":"WebPage","@id":"https:\/\/canverditicaret.com\/urun\/bd-js10-400w-dekupaj-testere\/","url":"https:\/\/canverditicaret.com\/urun\/bd-js10-400w-dekupaj-testere\/","name":"B&D JS10 400W DEKUPAJ TESTERE - Can Verdi Ticaret","isPartOf":{"@id":"https:\/\/canverditicaret.com\/#website"},"datePublished":"2024-01-20T17:38:10+00:00","dateModified":"2025-02-16T13:06:08+00:00","breadcrumb":{"@id":"https:\/\/canverditicaret.com\/urun\/bd-js10-400w-dekupaj-testere\/#breadcrumb"},"inLanguage":"en-US","potentialAction":[{"@type":"ReadAction","target":["https:\/\/canverditicaret.com\/urun\/bd-js10-400w-dekupaj-testere\/"]}]},{"@type":"BreadcrumbList","@id":"https:\/\/canverditicaret.com\/urun\/bd-js10-400w-dekupaj-testere\/#breadcrumb","itemListElement":[{"@type":"ListItem","position":1,"name":"Anasayfa","item":"https:\/\/canverditicaret.com\/"},{"@type":"ListItem","position":2,"name":"Ma\u011faza","item":"https:\/\/canverditicaret.com\/shop\/"},{"@type":"ListItem","position":3,"name":"B&#038;D JS10 400W DEKUPAJ TESTERE"}]},{"@type":"WebSite","@id":"https:\/\/canverditicaret.com\/#website","url":"https:\/\/canverditicaret.com\/","name":"Can Verdi Ticaret","description":"Can Verdi Ticaret","potentialAction":[{"@type":"SearchAction","target":{"@type":"EntryPoint","urlTemplate":"https:\/\/canverditicaret.com\/?s={search_term_string}"},"query-input":"required name=search_term_string"}],"inLanguage":"en-US"}]}},"_links":{"self":[{"href":"https:\/\/canverditicaret.com\/en\/wp-json\/wp\/v2\/product\/15912","targetHints":{"allow":["GET"]}}],"collection":[{"href":"https:\/\/canverditicaret.com\/en\/wp-json\/wp\/v2\/product"}],"about":[{"href":"https:\/\/canverditicaret.com\/en\/wp-json\/wp\/v2\/types\/product"}],"replies":[{"embeddable":true,"href":"https:\/\/canverditicaret.com\/en\/wp-json\/wp\/v2\/comments?post=15912"}],"version-history":[{"count":2,"href":"https:\/\/canverditicaret.com\/en\/wp-json\/wp\/v2\/product\/15912\/revisions"}],"predecessor-version":[{"id":15969,"href":"https:\/\/canverditicaret.com\/en\/wp-json\/wp\/v2\/product\/15912\/revisions\/15969"}],"wp:featuredmedia":[{"embeddable":true,"href":"https:\/\/canverditicaret.com\/en\/wp-json\/wp\/v2\/media\/15966"}],"wp:attachment":[{"href":"https:\/\/canverditicaret.com\/en\/wp-json\/wp\/v2\/media?parent=15912"}],"wp:term":[{"taxonomy":"product_cat","embeddable":true,"href":"https:\/\/canverditicaret.com\/en\/wp-json\/wp\/v2\/product_cat?post=15912"},{"taxonomy":"product_tag","embeddable":true,"href":"https:\/\/canverditicaret.com\/en\/wp-json\/wp\/v2\/product_tag?post=15912"}],"curies":[{"name":"wp","href":"https:\/\/api.w.org\/{rel}","templated":true}]}}