{"id":15852,"date":"2024-01-19T14:24:10","date_gmt":"2024-01-19T11:24:10","guid":{"rendered":"https:\/\/canverditicaret.com\/urun\/art-30-misinali-cim-kesme-480-watt-30-cm\/"},"modified":"2025-02-16T16:06:06","modified_gmt":"2025-02-16T13:06:06","slug":"art-30-misinali-cim-kesme-480-watt-30-cm","status":"publish","type":"product","link":"https:\/\/canverditicaret.com\/en\/product\/art-30-misinali-cim-kesme-480-watt-30-cm\/","title":{"rendered":"ART 30 LINE GRASS CUTTER 480 Watt 30 cm"},"content":{"rendered":"<table class=\"table table-borderless table-sm\">\n<tbody>\n<tr>\n<th>Turnover Rate<\/th>\n<td class=\"text-c2 feature\"><span class=\"feature-value\"><br \/>\n1<\/span><br \/>\n<span class=\"text-c2 symbol\">rpm<\/span><\/td>\n<\/tr>\n<tr>\n<th>Tip Material<\/th>\n<td class=\"text-c2 feature\"><span class=\"feature-value\"><br \/>\naluminum<\/span><\/td>\n<\/tr>\n<tr>\n<th>Strength<\/th>\n<td class=\"text-c2 feature\"><span class=\"feature-value\"><br \/>\n480<\/span><br \/>\n<span class=\"text-c2 symbol\">watts<\/span><\/td>\n<\/tr>\n<tr>\n<th>Motor power<\/th>\n<td class=\"text-c2 feature\"><span class=\"feature-value\"><br \/>\n0.64<\/span><br \/>\n<span class=\"text-c2 symbol\">hp<\/span><\/td>\n<\/tr>\n<tr>\n<th>Color Detail<\/th>\n<td class=\"text-c2 feature\"><span class=\"feature-value\"><br \/>\nGreen<\/span><\/td>\n<\/tr>\n<tr>\n<th>Colour<\/th>\n<td class=\"text-c2 feature\"><span class=\"feature-value\"><br \/>\nGreen<\/span><\/td>\n<\/tr>\n<tr>\n<th>Model<\/th>\n<td class=\"text-c2 feature\"><span class=\"feature-value\"><br \/>\nEdge Trimming Machine<\/span><\/td>\n<\/tr>\n<tr>\n<th>Weight<\/th>\n<td class=\"text-c2 feature\"><span class=\"feature-value\"><br \/>\n2.8<\/span><br \/>\n<span class=\"text-c2 symbol\">kg<\/span><\/td>\n<\/tr>\n<\/tbody>\n<\/table>","protected":false},"excerpt":{"rendered":"<p>Revolution Speed 1 rpm Tip Material Aluminum Power 480 Watt Engine Power 0.64 hp Color Details Green Color Green Model<\/p>","protected":false},"featured_media":15901,"comment_status":"open","ping_status":"closed","template":"","meta":[],"product_cat":[79],"product_tag":[],"class_list":["post-15852","product","type-product","status-publish","has-post-thumbnail","hentry","product_cat-elektrikli-el-aletleri"],"yoast_head":"<!-- This site is optimized with the Yoast SEO plugin v21.6 - https:\/\/yoast.com\/wordpress\/plugins\/seo\/ -->\n<title>ART 30 M\u0130S\u0130NALI \u00c7\u0130M KESME 480 Watt 30 cm - Can Verdi Ticaret<\/title>\n<meta name=\"robots\" content=\"index, follow, max-snippet:-1, max-image-preview:large, max-video-preview:-1\" \/>\n<link rel=\"canonical\" href=\"https:\/\/canverditicaret.com\/en\/product\/art-30-misinali-cim-kesme-480-watt-30-cm\/\" \/>\n<meta property=\"og:locale\" content=\"en_US\" \/>\n<meta property=\"og:type\" content=\"article\" \/>\n<meta property=\"og:title\" content=\"ART 30 M\u0130S\u0130NALI \u00c7\u0130M KESME 480 Watt 30 cm - Can Verdi Ticaret\" \/>\n<meta property=\"og:description\" content=\"Devir H\u0131z\u0131 1 rpm U\u00e7 Malzemesi Alim\u00fcnyum G\u00fc\u00e7 480 Watt Motor G\u00fcc\u00fc 0.64 hp Renk Detay\u0131 Ye\u015fil Renk Ye\u015fil Modeli\" \/>\n<meta property=\"og:url\" content=\"https:\/\/canverditicaret.com\/en\/product\/art-30-misinali-cim-kesme-480-watt-30-cm\/\" \/>\n<meta property=\"og:site_name\" content=\"Can Verdi Ticaret\" \/>\n<meta property=\"article:modified_time\" content=\"2025-02-16T13:06:06+00:00\" \/>\n<meta property=\"og:image\" content=\"https:\/\/canverditicaret.com\/wp-content\/uploads\/2024\/01\/bosch-misinali-cim-kesme-makinesi-art-30.jpg\" \/>\n\t<meta property=\"og:image:width\" content=\"1024\" \/>\n\t<meta property=\"og:image:height\" content=\"1024\" \/>\n\t<meta property=\"og:image:type\" content=\"image\/jpeg\" \/>\n<meta name=\"twitter:card\" content=\"summary_large_image\" \/>\n<meta name=\"twitter:label1\" content=\"Est. reading time\" \/>\n\t<meta name=\"twitter:data1\" content=\"1 minute\" \/>\n<script type=\"application\/ld+json\" class=\"yoast-schema-graph\">{\"@context\":\"https:\/\/schema.org\",\"@graph\":[{\"@type\":\"WebPage\",\"@id\":\"https:\/\/canverditicaret.com\/urun\/art-30-misinali-cim-kesme-480-watt-30-cm\/\",\"url\":\"https:\/\/canverditicaret.com\/urun\/art-30-misinali-cim-kesme-480-watt-30-cm\/\",\"name\":\"ART 30 M\u0130S\u0130NALI \u00c7\u0130M KESME 480 Watt 30 cm - Can Verdi Ticaret\",\"isPartOf\":{\"@id\":\"https:\/\/canverditicaret.com\/#website\"},\"datePublished\":\"2024-01-19T11:24:10+00:00\",\"dateModified\":\"2025-02-16T13:06:06+00:00\",\"breadcrumb\":{\"@id\":\"https:\/\/canverditicaret.com\/urun\/art-30-misinali-cim-kesme-480-watt-30-cm\/#breadcrumb\"},\"inLanguage\":\"en-US\",\"potentialAction\":[{\"@type\":\"ReadAction\",\"target\":[\"https:\/\/canverditicaret.com\/urun\/art-30-misinali-cim-kesme-480-watt-30-cm\/\"]}]},{\"@type\":\"BreadcrumbList\",\"@id\":\"https:\/\/canverditicaret.com\/urun\/art-30-misinali-cim-kesme-480-watt-30-cm\/#breadcrumb\",\"itemListElement\":[{\"@type\":\"ListItem\",\"position\":1,\"name\":\"Anasayfa\",\"item\":\"https:\/\/canverditicaret.com\/\"},{\"@type\":\"ListItem\",\"position\":2,\"name\":\"Ma\u011faza\",\"item\":\"https:\/\/canverditicaret.com\/shop\/\"},{\"@type\":\"ListItem\",\"position\":3,\"name\":\"ART 30 M\u0130S\u0130NALI \u00c7\u0130M KESME 480 Watt 30 cm\"}]},{\"@type\":\"WebSite\",\"@id\":\"https:\/\/canverditicaret.com\/#website\",\"url\":\"https:\/\/canverditicaret.com\/\",\"name\":\"Can Verdi Ticaret\",\"description\":\"Can Verdi Ticaret\",\"potentialAction\":[{\"@type\":\"SearchAction\",\"target\":{\"@type\":\"EntryPoint\",\"urlTemplate\":\"https:\/\/canverditicaret.com\/?s={search_term_string}\"},\"query-input\":\"required name=search_term_string\"}],\"inLanguage\":\"en-US\"}]}<\/script>\n<!-- \/ Yoast SEO plugin. -->","yoast_head_json":{"title":"ART 30 M\u0130S\u0130NALI \u00c7\u0130M KESME 480 Watt 30 cm - Can Verdi Ticaret","robots":{"index":"index","follow":"follow","max-snippet":"max-snippet:-1","max-image-preview":"max-image-preview:large","max-video-preview":"max-video-preview:-1"},"canonical":"https:\/\/canverditicaret.com\/en\/product\/art-30-misinali-cim-kesme-480-watt-30-cm\/","og_locale":"en_US","og_type":"article","og_title":"ART 30 M\u0130S\u0130NALI \u00c7\u0130M KESME 480 Watt 30 cm - Can Verdi Ticaret","og_description":"Devir H\u0131z\u0131 1 rpm U\u00e7 Malzemesi Alim\u00fcnyum G\u00fc\u00e7 480 Watt Motor G\u00fcc\u00fc 0.64 hp Renk Detay\u0131 Ye\u015fil Renk Ye\u015fil Modeli","og_url":"https:\/\/canverditicaret.com\/en\/product\/art-30-misinali-cim-kesme-480-watt-30-cm\/","og_site_name":"Can Verdi Ticaret","article_modified_time":"2025-02-16T13:06:06+00:00","og_image":[{"width":1024,"height":1024,"url":"https:\/\/canverditicaret.com\/wp-content\/uploads\/2024\/01\/bosch-misinali-cim-kesme-makinesi-art-30.jpg","type":"image\/jpeg"}],"twitter_card":"summary_large_image","twitter_misc":{"Est. reading time":"1 minute"},"schema":{"@context":"https:\/\/schema.org","@graph":[{"@type":"WebPage","@id":"https:\/\/canverditicaret.com\/urun\/art-30-misinali-cim-kesme-480-watt-30-cm\/","url":"https:\/\/canverditicaret.com\/urun\/art-30-misinali-cim-kesme-480-watt-30-cm\/","name":"ART 30 M\u0130S\u0130NALI \u00c7\u0130M KESME 480 Watt 30 cm - Can Verdi Ticaret","isPartOf":{"@id":"https:\/\/canverditicaret.com\/#website"},"datePublished":"2024-01-19T11:24:10+00:00","dateModified":"2025-02-16T13:06:06+00:00","breadcrumb":{"@id":"https:\/\/canverditicaret.com\/urun\/art-30-misinali-cim-kesme-480-watt-30-cm\/#breadcrumb"},"inLanguage":"en-US","potentialAction":[{"@type":"ReadAction","target":["https:\/\/canverditicaret.com\/urun\/art-30-misinali-cim-kesme-480-watt-30-cm\/"]}]},{"@type":"BreadcrumbList","@id":"https:\/\/canverditicaret.com\/urun\/art-30-misinali-cim-kesme-480-watt-30-cm\/#breadcrumb","itemListElement":[{"@type":"ListItem","position":1,"name":"Anasayfa","item":"https:\/\/canverditicaret.com\/"},{"@type":"ListItem","position":2,"name":"Ma\u011faza","item":"https:\/\/canverditicaret.com\/shop\/"},{"@type":"ListItem","position":3,"name":"ART 30 M\u0130S\u0130NALI \u00c7\u0130M KESME 480 Watt 30 cm"}]},{"@type":"WebSite","@id":"https:\/\/canverditicaret.com\/#website","url":"https:\/\/canverditicaret.com\/","name":"Can Verdi Ticaret","description":"Can Verdi Ticaret","potentialAction":[{"@type":"SearchAction","target":{"@type":"EntryPoint","urlTemplate":"https:\/\/canverditicaret.com\/?s={search_term_string}"},"query-input":"required name=search_term_string"}],"inLanguage":"en-US"}]}},"_links":{"self":[{"href":"https:\/\/canverditicaret.com\/en\/wp-json\/wp\/v2\/product\/15852","targetHints":{"allow":["GET"]}}],"collection":[{"href":"https:\/\/canverditicaret.com\/en\/wp-json\/wp\/v2\/product"}],"about":[{"href":"https:\/\/canverditicaret.com\/en\/wp-json\/wp\/v2\/types\/product"}],"replies":[{"embeddable":true,"href":"https:\/\/canverditicaret.com\/en\/wp-json\/wp\/v2\/comments?post=15852"}],"version-history":[{"count":3,"href":"https:\/\/canverditicaret.com\/en\/wp-json\/wp\/v2\/product\/15852\/revisions"}],"predecessor-version":[{"id":15902,"href":"https:\/\/canverditicaret.com\/en\/wp-json\/wp\/v2\/product\/15852\/revisions\/15902"}],"wp:featuredmedia":[{"embeddable":true,"href":"https:\/\/canverditicaret.com\/en\/wp-json\/wp\/v2\/media\/15901"}],"wp:attachment":[{"href":"https:\/\/canverditicaret.com\/en\/wp-json\/wp\/v2\/media?parent=15852"}],"wp:term":[{"taxonomy":"product_cat","embeddable":true,"href":"https:\/\/canverditicaret.com\/en\/wp-json\/wp\/v2\/product_cat?post=15852"},{"taxonomy":"product_tag","embeddable":true,"href":"https:\/\/canverditicaret.com\/en\/wp-json\/wp\/v2\/product_tag?post=15852"}],"curies":[{"name":"wp","href":"https:\/\/api.w.org\/{rel}","templated":true}]}}