{"id":15848,"date":"2024-01-19T14:24:09","date_gmt":"2024-01-19T11:24:09","guid":{"rendered":"https:\/\/canverditicaret.com\/urun\/arm-33-cim-bicme-1300w-34cm-40lt\/"},"modified":"2025-02-16T16:06:06","modified_gmt":"2025-02-16T13:06:06","slug":"arm-33-cim-bicme-1300w-34cm-40lt","status":"publish","type":"product","link":"https:\/\/canverditicaret.com\/en\/product\/arm-33-cim-bicme-1300w-34cm-40lt\/","title":{"rendered":"ARM 33 LAWN MOWER 1300W 34CM 40LT"},"content":{"rendered":"<table class=\"table table-borderless table-sm\">\n<tbody>\n<tr>\n<th>Strength<\/th>\n<td class=\"text-c2 feature\"><span class=\"feature-value\"><br \/>\n1300<\/span><br \/>\n<span class=\"text-c2 symbol\">watts<\/span><\/td>\n<\/tr>\n<tr>\n<th>Motor power<\/th>\n<td class=\"text-c2 feature\"><span class=\"feature-value\"><br \/>\n1.74<\/span><br \/>\n<span class=\"text-c2 symbol\">hp<\/span><\/td>\n<\/tr>\n<tr>\n<th>Cutting Diameter<\/th>\n<td class=\"text-c2 feature\"><span class=\"feature-value\"><br \/>\n1<\/span><br \/>\n<span class=\"text-c2 symbol\">cm<\/span><\/td>\n<\/tr>\n<tr>\n<th>Driving System<\/th>\n<td class=\"text-c2 feature\"><span class=\"feature-value\"><br \/>\npush<\/span><\/td>\n<\/tr>\n<tr>\n<th>Cutting Width<\/th>\n<td class=\"text-c2 feature\"><span class=\"feature-value\"><br \/>\n34<\/span><br \/>\n<span class=\"text-c2 symbol\">cm<\/span><\/td>\n<\/tr>\n<tr>\n<th>Cutting Height<\/th>\n<td class=\"text-c2 feature\"><span class=\"feature-value\"><br \/>\n0.7<\/span><br \/>\n<span class=\"text-c2 symbol\">cm<\/span><\/td>\n<\/tr>\n<\/tbody>\n<\/table>","protected":false},"excerpt":{"rendered":"<p>Power 1300 Watt Engine Power 1.74 hp Cutting Diameter 1 cm Drive System Push Cutting Width 34 cm Cutting Height<\/p>","protected":false},"featured_media":15886,"comment_status":"open","ping_status":"closed","template":"","meta":[],"product_cat":[79],"product_tag":[],"class_list":["post-15848","product","type-product","status-publish","has-post-thumbnail","hentry","product_cat-elektrikli-el-aletleri"],"yoast_head":"<!-- This site is optimized with the Yoast SEO plugin v21.6 - https:\/\/yoast.com\/wordpress\/plugins\/seo\/ -->\n<title>ARM 33 \u00c7IM BI\u00c7ME 1300W 34CM 40LT - Can Verdi Ticaret<\/title>\n<meta name=\"robots\" content=\"index, follow, max-snippet:-1, max-image-preview:large, max-video-preview:-1\" \/>\n<link rel=\"canonical\" href=\"https:\/\/canverditicaret.com\/en\/product\/arm-33-cim-bicme-1300w-34cm-40lt\/\" \/>\n<meta property=\"og:locale\" content=\"en_US\" \/>\n<meta property=\"og:type\" content=\"article\" \/>\n<meta property=\"og:title\" content=\"ARM 33 \u00c7IM BI\u00c7ME 1300W 34CM 40LT - Can Verdi Ticaret\" \/>\n<meta property=\"og:description\" content=\"G\u00fc\u00e7 1300 Watt Motor G\u00fcc\u00fc 1.74 hp Kesme \u00c7ap\u0131 1 cm S\u00fcr\u00fc\u015f Sistemi \u0130tmeli Kesme Geni\u015fli\u011fi 34 cm Kesme Y\u00fcksekli\u011fi\" \/>\n<meta property=\"og:url\" content=\"https:\/\/canverditicaret.com\/en\/product\/arm-33-cim-bicme-1300w-34cm-40lt\/\" \/>\n<meta property=\"og:site_name\" content=\"Can Verdi Ticaret\" \/>\n<meta property=\"article:modified_time\" content=\"2025-02-16T13:06:06+00:00\" \/>\n<meta property=\"og:image\" content=\"https:\/\/canverditicaret.com\/wp-content\/uploads\/2024\/01\/bosch-arm-33-cim-bicme-makinesi.jpg\" \/>\n\t<meta property=\"og:image:width\" content=\"1024\" \/>\n\t<meta property=\"og:image:height\" content=\"1024\" \/>\n\t<meta property=\"og:image:type\" content=\"image\/jpeg\" \/>\n<meta name=\"twitter:card\" content=\"summary_large_image\" \/>\n<meta name=\"twitter:label1\" content=\"Est. reading time\" \/>\n\t<meta name=\"twitter:data1\" content=\"1 minute\" \/>\n<script type=\"application\/ld+json\" class=\"yoast-schema-graph\">{\"@context\":\"https:\/\/schema.org\",\"@graph\":[{\"@type\":\"WebPage\",\"@id\":\"https:\/\/canverditicaret.com\/urun\/arm-33-cim-bicme-1300w-34cm-40lt\/\",\"url\":\"https:\/\/canverditicaret.com\/urun\/arm-33-cim-bicme-1300w-34cm-40lt\/\",\"name\":\"ARM 33 \u00c7IM BI\u00c7ME 1300W 34CM 40LT - Can Verdi Ticaret\",\"isPartOf\":{\"@id\":\"https:\/\/canverditicaret.com\/#website\"},\"datePublished\":\"2024-01-19T11:24:09+00:00\",\"dateModified\":\"2025-02-16T13:06:06+00:00\",\"breadcrumb\":{\"@id\":\"https:\/\/canverditicaret.com\/urun\/arm-33-cim-bicme-1300w-34cm-40lt\/#breadcrumb\"},\"inLanguage\":\"en-US\",\"potentialAction\":[{\"@type\":\"ReadAction\",\"target\":[\"https:\/\/canverditicaret.com\/urun\/arm-33-cim-bicme-1300w-34cm-40lt\/\"]}]},{\"@type\":\"BreadcrumbList\",\"@id\":\"https:\/\/canverditicaret.com\/urun\/arm-33-cim-bicme-1300w-34cm-40lt\/#breadcrumb\",\"itemListElement\":[{\"@type\":\"ListItem\",\"position\":1,\"name\":\"Anasayfa\",\"item\":\"https:\/\/canverditicaret.com\/\"},{\"@type\":\"ListItem\",\"position\":2,\"name\":\"Ma\u011faza\",\"item\":\"https:\/\/canverditicaret.com\/shop\/\"},{\"@type\":\"ListItem\",\"position\":3,\"name\":\"ARM 33 \u00c7IM BI\u00c7ME 1300W 34CM 40LT\"}]},{\"@type\":\"WebSite\",\"@id\":\"https:\/\/canverditicaret.com\/#website\",\"url\":\"https:\/\/canverditicaret.com\/\",\"name\":\"Can Verdi Ticaret\",\"description\":\"Can Verdi Ticaret\",\"potentialAction\":[{\"@type\":\"SearchAction\",\"target\":{\"@type\":\"EntryPoint\",\"urlTemplate\":\"https:\/\/canverditicaret.com\/?s={search_term_string}\"},\"query-input\":\"required name=search_term_string\"}],\"inLanguage\":\"en-US\"}]}<\/script>\n<!-- \/ Yoast SEO plugin. -->","yoast_head_json":{"title":"ARM 33 \u00c7IM BI\u00c7ME 1300W 34CM 40LT - Can Verdi Ticaret","robots":{"index":"index","follow":"follow","max-snippet":"max-snippet:-1","max-image-preview":"max-image-preview:large","max-video-preview":"max-video-preview:-1"},"canonical":"https:\/\/canverditicaret.com\/en\/product\/arm-33-cim-bicme-1300w-34cm-40lt\/","og_locale":"en_US","og_type":"article","og_title":"ARM 33 \u00c7IM BI\u00c7ME 1300W 34CM 40LT - Can Verdi Ticaret","og_description":"G\u00fc\u00e7 1300 Watt Motor G\u00fcc\u00fc 1.74 hp Kesme \u00c7ap\u0131 1 cm S\u00fcr\u00fc\u015f Sistemi \u0130tmeli Kesme Geni\u015fli\u011fi 34 cm Kesme Y\u00fcksekli\u011fi","og_url":"https:\/\/canverditicaret.com\/en\/product\/arm-33-cim-bicme-1300w-34cm-40lt\/","og_site_name":"Can Verdi Ticaret","article_modified_time":"2025-02-16T13:06:06+00:00","og_image":[{"width":1024,"height":1024,"url":"https:\/\/canverditicaret.com\/wp-content\/uploads\/2024\/01\/bosch-arm-33-cim-bicme-makinesi.jpg","type":"image\/jpeg"}],"twitter_card":"summary_large_image","twitter_misc":{"Est. reading time":"1 minute"},"schema":{"@context":"https:\/\/schema.org","@graph":[{"@type":"WebPage","@id":"https:\/\/canverditicaret.com\/urun\/arm-33-cim-bicme-1300w-34cm-40lt\/","url":"https:\/\/canverditicaret.com\/urun\/arm-33-cim-bicme-1300w-34cm-40lt\/","name":"ARM 33 \u00c7IM BI\u00c7ME 1300W 34CM 40LT - Can Verdi Ticaret","isPartOf":{"@id":"https:\/\/canverditicaret.com\/#website"},"datePublished":"2024-01-19T11:24:09+00:00","dateModified":"2025-02-16T13:06:06+00:00","breadcrumb":{"@id":"https:\/\/canverditicaret.com\/urun\/arm-33-cim-bicme-1300w-34cm-40lt\/#breadcrumb"},"inLanguage":"en-US","potentialAction":[{"@type":"ReadAction","target":["https:\/\/canverditicaret.com\/urun\/arm-33-cim-bicme-1300w-34cm-40lt\/"]}]},{"@type":"BreadcrumbList","@id":"https:\/\/canverditicaret.com\/urun\/arm-33-cim-bicme-1300w-34cm-40lt\/#breadcrumb","itemListElement":[{"@type":"ListItem","position":1,"name":"Anasayfa","item":"https:\/\/canverditicaret.com\/"},{"@type":"ListItem","position":2,"name":"Ma\u011faza","item":"https:\/\/canverditicaret.com\/shop\/"},{"@type":"ListItem","position":3,"name":"ARM 33 \u00c7IM BI\u00c7ME 1300W 34CM 40LT"}]},{"@type":"WebSite","@id":"https:\/\/canverditicaret.com\/#website","url":"https:\/\/canverditicaret.com\/","name":"Can Verdi Ticaret","description":"Can Verdi Ticaret","potentialAction":[{"@type":"SearchAction","target":{"@type":"EntryPoint","urlTemplate":"https:\/\/canverditicaret.com\/?s={search_term_string}"},"query-input":"required name=search_term_string"}],"inLanguage":"en-US"}]}},"_links":{"self":[{"href":"https:\/\/canverditicaret.com\/en\/wp-json\/wp\/v2\/product\/15848","targetHints":{"allow":["GET"]}}],"collection":[{"href":"https:\/\/canverditicaret.com\/en\/wp-json\/wp\/v2\/product"}],"about":[{"href":"https:\/\/canverditicaret.com\/en\/wp-json\/wp\/v2\/types\/product"}],"replies":[{"embeddable":true,"href":"https:\/\/canverditicaret.com\/en\/wp-json\/wp\/v2\/comments?post=15848"}],"version-history":[{"count":3,"href":"https:\/\/canverditicaret.com\/en\/wp-json\/wp\/v2\/product\/15848\/revisions"}],"predecessor-version":[{"id":15887,"href":"https:\/\/canverditicaret.com\/en\/wp-json\/wp\/v2\/product\/15848\/revisions\/15887"}],"wp:featuredmedia":[{"embeddable":true,"href":"https:\/\/canverditicaret.com\/en\/wp-json\/wp\/v2\/media\/15886"}],"wp:attachment":[{"href":"https:\/\/canverditicaret.com\/en\/wp-json\/wp\/v2\/media?parent=15848"}],"wp:term":[{"taxonomy":"product_cat","embeddable":true,"href":"https:\/\/canverditicaret.com\/en\/wp-json\/wp\/v2\/product_cat?post=15848"},{"taxonomy":"product_tag","embeddable":true,"href":"https:\/\/canverditicaret.com\/en\/wp-json\/wp\/v2\/product_tag?post=15848"}],"curies":[{"name":"wp","href":"https:\/\/api.w.org\/{rel}","templated":true}]}}