{"id":15728,"date":"2024-01-18T12:19:43","date_gmt":"2024-01-18T09:19:43","guid":{"rendered":"https:\/\/canverditicaret.com\/urun\/advancedhedgecut-70-elek-cit-kesme\/"},"modified":"2025-02-16T16:06:06","modified_gmt":"2025-02-16T13:06:06","slug":"advancedhedgecut-70-elek-cit-kesme","status":"publish","type":"product","link":"https:\/\/canverditicaret.com\/en\/product\/advancedhedgecut-70-elek-cit-kesme\/","title":{"rendered":"ADVANCEDHEDGECUT 70 ELECTRIC FENCE CUTTING"},"content":{"rendered":"<table class=\"table table-borderless table-sm\">\n<tbody>\n<tr>\n<th>Fuel Type<\/th>\n<td class=\"text-c2 feature\"><span class=\"feature-value\"><br \/>\nElectric<\/span><\/td>\n<\/tr>\n<tr>\n<th>Working Mechanism<\/th>\n<td class=\"text-c2 feature\"><span class=\"feature-value\"><br \/>\nElectric<\/span><\/td>\n<\/tr>\n<tr>\n<th>Cutting Width<\/th>\n<td class=\"text-c2 feature\"><span class=\"feature-value\"><br \/>\n70<\/span><br \/>\n<span class=\"text-c2 symbol\">cm<\/span><\/td>\n<\/tr>\n<tr>\n<th>Tooth Pitch<\/th>\n<td class=\"text-c2 feature\"><span class=\"feature-value\"><br \/>\n34mm<\/span><\/td>\n<\/tr>\n<tr>\n<th>Measurement<\/th>\n<td class=\"text-c2 feature\"><span class=\"feature-value\"><br \/>\n1217x241x210mm<\/span><\/td>\n<\/tr>\n<tr>\n<th>Color Detail<\/th>\n<td class=\"text-c2 feature\"><span class=\"feature-value\"><br \/>\nRed \u2013 Green<\/span><\/td>\n<\/tr>\n<tr>\n<th>Colour<\/th>\n<td class=\"text-c2 feature\"><span class=\"feature-value\"><br \/>\nRed<\/span><\/td>\n<\/tr>\n<tr>\n<th>Material<\/th>\n<td class=\"text-c2 feature\"><span class=\"feature-value\"><br \/>\nMetal<\/span><\/td>\n<\/tr>\n<tr>\n<th>Strength<\/th>\n<td class=\"text-c2 feature\"><span class=\"feature-value\"><br \/>\n500<\/span><br \/>\n<span class=\"text-c2 symbol\">watts<\/span><\/td>\n<\/tr>\n<tr>\n<th>Motor power<\/th>\n<td class=\"text-c2 feature\"><span class=\"feature-value\"><br \/>\n0.67<\/span><br \/>\n<span class=\"text-c2 symbol\">hp<\/span><\/td>\n<\/tr>\n<tr>\n<th>Weight<\/th>\n<td class=\"text-c2 feature\"><span class=\"feature-value\"><br \/>\n4.1<\/span><br \/>\n<span class=\"text-c2 symbol\">kg<\/span><\/td>\n<\/tr>\n<\/tbody>\n<\/table>","protected":false},"excerpt":{"rendered":"<p>Fuel Type Electric Working Mechanism Electric Cutting Width 70 cm Tooth Pitch 34 mm Dimension 1217x241x210mm Color Details Red \u2013<\/p>","protected":false},"featured_media":15773,"comment_status":"open","ping_status":"closed","template":"","meta":[],"product_cat":[79],"product_tag":[],"class_list":["post-15728","product","type-product","status-publish","has-post-thumbnail","hentry","product_cat-elektrikli-el-aletleri"],"yoast_head":"<!-- This site is optimized with the Yoast SEO plugin v21.6 - https:\/\/yoast.com\/wordpress\/plugins\/seo\/ -->\n<title>ADVANCEDHEDGECUT 70 ELEK.\u00c7\u0130T KESME - Can Verdi Ticaret<\/title>\n<meta name=\"robots\" content=\"index, follow, max-snippet:-1, max-image-preview:large, max-video-preview:-1\" \/>\n<link rel=\"canonical\" href=\"https:\/\/canverditicaret.com\/en\/product\/advancedhedgecut-70-elek-cit-kesme\/\" \/>\n<meta property=\"og:locale\" content=\"en_US\" \/>\n<meta property=\"og:type\" content=\"article\" \/>\n<meta property=\"og:title\" content=\"ADVANCEDHEDGECUT 70 ELEK.\u00c7\u0130T KESME - Can Verdi Ticaret\" \/>\n<meta property=\"og:description\" content=\"Yak\u0131t T\u00fcr\u00fc Elektrik \u00c7al\u0131\u015fma Mekanizmas\u0131 Elektrik Kesme Geni\u015fli\u011fi 70 cm Di\u015f Aral\u0131\u011f\u0131 34 mm \u00d6l\u00e7\u00fc 1217x241x210mm Renk Detay\u0131 K\u0131rm\u0131z\u0131 &#8211;\" \/>\n<meta property=\"og:url\" content=\"https:\/\/canverditicaret.com\/en\/product\/advancedhedgecut-70-elek-cit-kesme\/\" \/>\n<meta property=\"og:site_name\" content=\"Can Verdi Ticaret\" \/>\n<meta property=\"article:modified_time\" content=\"2025-02-16T13:06:06+00:00\" \/>\n<meta property=\"og:image\" content=\"https:\/\/canverditicaret.com\/wp-content\/uploads\/2024\/01\/advancedhedgecut-70-cit-kesme-makinesi.jpg\" \/>\n\t<meta property=\"og:image:width\" content=\"1024\" \/>\n\t<meta property=\"og:image:height\" content=\"1024\" \/>\n\t<meta property=\"og:image:type\" content=\"image\/jpeg\" \/>\n<meta name=\"twitter:card\" content=\"summary_large_image\" \/>\n<meta name=\"twitter:label1\" content=\"Est. reading time\" \/>\n\t<meta name=\"twitter:data1\" content=\"1 minute\" \/>\n<script type=\"application\/ld+json\" class=\"yoast-schema-graph\">{\"@context\":\"https:\/\/schema.org\",\"@graph\":[{\"@type\":\"WebPage\",\"@id\":\"https:\/\/canverditicaret.com\/urun\/advancedhedgecut-70-elek-cit-kesme\/\",\"url\":\"https:\/\/canverditicaret.com\/urun\/advancedhedgecut-70-elek-cit-kesme\/\",\"name\":\"ADVANCEDHEDGECUT 70 ELEK.\u00c7\u0130T KESME - Can Verdi Ticaret\",\"isPartOf\":{\"@id\":\"https:\/\/canverditicaret.com\/#website\"},\"datePublished\":\"2024-01-18T09:19:43+00:00\",\"dateModified\":\"2025-02-16T13:06:06+00:00\",\"breadcrumb\":{\"@id\":\"https:\/\/canverditicaret.com\/urun\/advancedhedgecut-70-elek-cit-kesme\/#breadcrumb\"},\"inLanguage\":\"en-US\",\"potentialAction\":[{\"@type\":\"ReadAction\",\"target\":[\"https:\/\/canverditicaret.com\/urun\/advancedhedgecut-70-elek-cit-kesme\/\"]}]},{\"@type\":\"BreadcrumbList\",\"@id\":\"https:\/\/canverditicaret.com\/urun\/advancedhedgecut-70-elek-cit-kesme\/#breadcrumb\",\"itemListElement\":[{\"@type\":\"ListItem\",\"position\":1,\"name\":\"Anasayfa\",\"item\":\"https:\/\/canverditicaret.com\/\"},{\"@type\":\"ListItem\",\"position\":2,\"name\":\"Ma\u011faza\",\"item\":\"https:\/\/canverditicaret.com\/shop\/\"},{\"@type\":\"ListItem\",\"position\":3,\"name\":\"ADVANCEDHEDGECUT 70 ELEK.\u00c7\u0130T KESME\"}]},{\"@type\":\"WebSite\",\"@id\":\"https:\/\/canverditicaret.com\/#website\",\"url\":\"https:\/\/canverditicaret.com\/\",\"name\":\"Can Verdi Ticaret\",\"description\":\"Can Verdi Ticaret\",\"potentialAction\":[{\"@type\":\"SearchAction\",\"target\":{\"@type\":\"EntryPoint\",\"urlTemplate\":\"https:\/\/canverditicaret.com\/?s={search_term_string}\"},\"query-input\":\"required name=search_term_string\"}],\"inLanguage\":\"en-US\"}]}<\/script>\n<!-- \/ Yoast SEO plugin. -->","yoast_head_json":{"title":"ADVANCEDHEDGECUT 70 ELEK.\u00c7\u0130T KESME - Can Verdi Ticaret","robots":{"index":"index","follow":"follow","max-snippet":"max-snippet:-1","max-image-preview":"max-image-preview:large","max-video-preview":"max-video-preview:-1"},"canonical":"https:\/\/canverditicaret.com\/en\/product\/advancedhedgecut-70-elek-cit-kesme\/","og_locale":"en_US","og_type":"article","og_title":"ADVANCEDHEDGECUT 70 ELEK.\u00c7\u0130T KESME - Can Verdi Ticaret","og_description":"Yak\u0131t T\u00fcr\u00fc Elektrik \u00c7al\u0131\u015fma Mekanizmas\u0131 Elektrik Kesme Geni\u015fli\u011fi 70 cm Di\u015f Aral\u0131\u011f\u0131 34 mm \u00d6l\u00e7\u00fc 1217x241x210mm Renk Detay\u0131 K\u0131rm\u0131z\u0131 &#8211;","og_url":"https:\/\/canverditicaret.com\/en\/product\/advancedhedgecut-70-elek-cit-kesme\/","og_site_name":"Can Verdi Ticaret","article_modified_time":"2025-02-16T13:06:06+00:00","og_image":[{"width":1024,"height":1024,"url":"https:\/\/canverditicaret.com\/wp-content\/uploads\/2024\/01\/advancedhedgecut-70-cit-kesme-makinesi.jpg","type":"image\/jpeg"}],"twitter_card":"summary_large_image","twitter_misc":{"Est. reading time":"1 minute"},"schema":{"@context":"https:\/\/schema.org","@graph":[{"@type":"WebPage","@id":"https:\/\/canverditicaret.com\/urun\/advancedhedgecut-70-elek-cit-kesme\/","url":"https:\/\/canverditicaret.com\/urun\/advancedhedgecut-70-elek-cit-kesme\/","name":"ADVANCEDHEDGECUT 70 ELEK.\u00c7\u0130T KESME - Can Verdi Ticaret","isPartOf":{"@id":"https:\/\/canverditicaret.com\/#website"},"datePublished":"2024-01-18T09:19:43+00:00","dateModified":"2025-02-16T13:06:06+00:00","breadcrumb":{"@id":"https:\/\/canverditicaret.com\/urun\/advancedhedgecut-70-elek-cit-kesme\/#breadcrumb"},"inLanguage":"en-US","potentialAction":[{"@type":"ReadAction","target":["https:\/\/canverditicaret.com\/urun\/advancedhedgecut-70-elek-cit-kesme\/"]}]},{"@type":"BreadcrumbList","@id":"https:\/\/canverditicaret.com\/urun\/advancedhedgecut-70-elek-cit-kesme\/#breadcrumb","itemListElement":[{"@type":"ListItem","position":1,"name":"Anasayfa","item":"https:\/\/canverditicaret.com\/"},{"@type":"ListItem","position":2,"name":"Ma\u011faza","item":"https:\/\/canverditicaret.com\/shop\/"},{"@type":"ListItem","position":3,"name":"ADVANCEDHEDGECUT 70 ELEK.\u00c7\u0130T KESME"}]},{"@type":"WebSite","@id":"https:\/\/canverditicaret.com\/#website","url":"https:\/\/canverditicaret.com\/","name":"Can Verdi Ticaret","description":"Can Verdi Ticaret","potentialAction":[{"@type":"SearchAction","target":{"@type":"EntryPoint","urlTemplate":"https:\/\/canverditicaret.com\/?s={search_term_string}"},"query-input":"required name=search_term_string"}],"inLanguage":"en-US"}]}},"_links":{"self":[{"href":"https:\/\/canverditicaret.com\/en\/wp-json\/wp\/v2\/product\/15728","targetHints":{"allow":["GET"]}}],"collection":[{"href":"https:\/\/canverditicaret.com\/en\/wp-json\/wp\/v2\/product"}],"about":[{"href":"https:\/\/canverditicaret.com\/en\/wp-json\/wp\/v2\/types\/product"}],"replies":[{"embeddable":true,"href":"https:\/\/canverditicaret.com\/en\/wp-json\/wp\/v2\/comments?post=15728"}],"version-history":[{"count":3,"href":"https:\/\/canverditicaret.com\/en\/wp-json\/wp\/v2\/product\/15728\/revisions"}],"predecessor-version":[{"id":15774,"href":"https:\/\/canverditicaret.com\/en\/wp-json\/wp\/v2\/product\/15728\/revisions\/15774"}],"wp:featuredmedia":[{"embeddable":true,"href":"https:\/\/canverditicaret.com\/en\/wp-json\/wp\/v2\/media\/15773"}],"wp:attachment":[{"href":"https:\/\/canverditicaret.com\/en\/wp-json\/wp\/v2\/media?parent=15728"}],"wp:term":[{"taxonomy":"product_cat","embeddable":true,"href":"https:\/\/canverditicaret.com\/en\/wp-json\/wp\/v2\/product_cat?post=15728"},{"taxonomy":"product_tag","embeddable":true,"href":"https:\/\/canverditicaret.com\/en\/wp-json\/wp\/v2\/product_tag?post=15728"}],"curies":[{"name":"wp","href":"https:\/\/api.w.org\/{rel}","templated":true}]}}