{"id":15727,"date":"2024-01-18T12:19:43","date_gmt":"2024-01-18T09:19:43","guid":{"rendered":"https:\/\/canverditicaret.com\/urun\/2500kg-kap-dokum-pompa-transpalet-attp\/"},"modified":"2025-02-16T16:06:06","modified_gmt":"2025-02-16T13:06:06","slug":"2500kg-kap-dokum-pompa-transpalet-attp","status":"publish","type":"product","link":"https:\/\/canverditicaret.com\/en\/product\/2500kg-kap-dokum-pompa-transpalet-attp\/","title":{"rendered":"2500KG CAPACITY CASTING PUMP TRANSPALETTE ATTP"},"content":{"rendered":"<table class=\"table m-0 table-striped table-hover\">\n<tbody>\n<tr>\n<th scope=\"row\">Weight<\/th>\n<td>70kg<\/td>\n<\/tr>\n<tr>\n<th scope=\"row\">Turning Radius<\/th>\n<td>1276mm<\/td>\n<\/tr>\n<tr>\n<th scope=\"row\">Width<\/th>\n<td>550mm<\/td>\n<\/tr>\n<tr>\n<th scope=\"row\">Capacity<\/th>\n<td>2.5 Tons<\/td>\n<\/tr>\n<tr>\n<th scope=\"row\">List price<\/th>\n<td>420 $<\/td>\n<\/tr>\n<tr>\n<th scope=\"row\">Brand<\/th>\n<td>ATLAS<\/td>\n<\/tr>\n<tr>\n<th scope=\"row\">Wheel Diameter<\/th>\n<td>70mm<\/td>\n<\/tr>\n<tr>\n<th scope=\"row\">Total Height<\/th>\n<td>1160mm<\/td>\n<\/tr>\n<tr>\n<th scope=\"row\">Length<\/th>\n<td>1200mm<\/td>\n<\/tr>\n<\/tbody>\n<\/table>","protected":false},"excerpt":{"rendered":"<p>Weight 70 Kg Turning Radius 1276 mm Width 550 mm Capacity 2.5 Ton List Price 420 $ Brand ATLAS Wheel<\/p>","protected":false},"featured_media":17070,"comment_status":"open","ping_status":"closed","template":"","meta":[],"product_cat":[79],"product_tag":[],"class_list":["post-15727","product","type-product","status-publish","has-post-thumbnail","hentry","product_cat-elektrikli-el-aletleri"],"yoast_head":"<!-- This site is optimized with the Yoast SEO plugin v21.6 - https:\/\/yoast.com\/wordpress\/plugins\/seo\/ -->\n<title>2500KG KAP. D\u00d6K\u00dcM POMPA TRANSPALET ATTP - Can Verdi Ticaret<\/title>\n<meta name=\"robots\" content=\"index, follow, max-snippet:-1, max-image-preview:large, max-video-preview:-1\" \/>\n<link rel=\"canonical\" href=\"https:\/\/canverditicaret.com\/en\/product\/2500kg-kap-dokum-pompa-transpalet-attp\/\" \/>\n<meta property=\"og:locale\" content=\"en_US\" \/>\n<meta property=\"og:type\" content=\"article\" \/>\n<meta property=\"og:title\" content=\"2500KG KAP. D\u00d6K\u00dcM POMPA TRANSPALET ATTP - Can Verdi Ticaret\" \/>\n<meta property=\"og:description\" content=\"A\u011f\u0131rl\u0131k 70 Kg D\u00f6n\u00fc\u015f Yar\u0131\u00e7ap\u0131 1276 mm Geni\u015flik 550 mm Kapasite 2.5 Ton Liste Fiyat\u0131 420 $ Marka ATLAS Tekerlek\" \/>\n<meta property=\"og:url\" content=\"https:\/\/canverditicaret.com\/en\/product\/2500kg-kap-dokum-pompa-transpalet-attp\/\" \/>\n<meta property=\"og:site_name\" content=\"Can Verdi Ticaret\" \/>\n<meta property=\"article:modified_time\" content=\"2025-02-16T13:06:06+00:00\" \/>\n<meta property=\"og:image\" content=\"https:\/\/canverditicaret.com\/wp-content\/uploads\/2024\/01\/1000169115.jpeg\" \/>\n\t<meta property=\"og:image:width\" content=\"635\" \/>\n\t<meta property=\"og:image:height\" content=\"410\" \/>\n\t<meta property=\"og:image:type\" content=\"image\/jpeg\" \/>\n<meta name=\"twitter:card\" content=\"summary_large_image\" \/>\n<meta name=\"twitter:label1\" content=\"Est. reading time\" \/>\n\t<meta name=\"twitter:data1\" content=\"1 minute\" \/>\n<script type=\"application\/ld+json\" class=\"yoast-schema-graph\">{\"@context\":\"https:\/\/schema.org\",\"@graph\":[{\"@type\":\"WebPage\",\"@id\":\"https:\/\/canverditicaret.com\/urun\/2500kg-kap-dokum-pompa-transpalet-attp\/\",\"url\":\"https:\/\/canverditicaret.com\/urun\/2500kg-kap-dokum-pompa-transpalet-attp\/\",\"name\":\"2500KG KAP. D\u00d6K\u00dcM POMPA TRANSPALET ATTP - Can Verdi Ticaret\",\"isPartOf\":{\"@id\":\"https:\/\/canverditicaret.com\/#website\"},\"datePublished\":\"2024-01-18T09:19:43+00:00\",\"dateModified\":\"2025-02-16T13:06:06+00:00\",\"breadcrumb\":{\"@id\":\"https:\/\/canverditicaret.com\/urun\/2500kg-kap-dokum-pompa-transpalet-attp\/#breadcrumb\"},\"inLanguage\":\"en-US\",\"potentialAction\":[{\"@type\":\"ReadAction\",\"target\":[\"https:\/\/canverditicaret.com\/urun\/2500kg-kap-dokum-pompa-transpalet-attp\/\"]}]},{\"@type\":\"BreadcrumbList\",\"@id\":\"https:\/\/canverditicaret.com\/urun\/2500kg-kap-dokum-pompa-transpalet-attp\/#breadcrumb\",\"itemListElement\":[{\"@type\":\"ListItem\",\"position\":1,\"name\":\"Anasayfa\",\"item\":\"https:\/\/canverditicaret.com\/\"},{\"@type\":\"ListItem\",\"position\":2,\"name\":\"Ma\u011faza\",\"item\":\"https:\/\/canverditicaret.com\/shop\/\"},{\"@type\":\"ListItem\",\"position\":3,\"name\":\"2500KG KAP. D\u00d6K\u00dcM POMPA TRANSPALET ATTP\"}]},{\"@type\":\"WebSite\",\"@id\":\"https:\/\/canverditicaret.com\/#website\",\"url\":\"https:\/\/canverditicaret.com\/\",\"name\":\"Can Verdi Ticaret\",\"description\":\"Can Verdi Ticaret\",\"potentialAction\":[{\"@type\":\"SearchAction\",\"target\":{\"@type\":\"EntryPoint\",\"urlTemplate\":\"https:\/\/canverditicaret.com\/?s={search_term_string}\"},\"query-input\":\"required name=search_term_string\"}],\"inLanguage\":\"en-US\"}]}<\/script>\n<!-- \/ Yoast SEO plugin. -->","yoast_head_json":{"title":"2500KG KAP. D\u00d6K\u00dcM POMPA TRANSPALET ATTP - Can Verdi Ticaret","robots":{"index":"index","follow":"follow","max-snippet":"max-snippet:-1","max-image-preview":"max-image-preview:large","max-video-preview":"max-video-preview:-1"},"canonical":"https:\/\/canverditicaret.com\/en\/product\/2500kg-kap-dokum-pompa-transpalet-attp\/","og_locale":"en_US","og_type":"article","og_title":"2500KG KAP. D\u00d6K\u00dcM POMPA TRANSPALET ATTP - Can Verdi Ticaret","og_description":"A\u011f\u0131rl\u0131k 70 Kg D\u00f6n\u00fc\u015f Yar\u0131\u00e7ap\u0131 1276 mm Geni\u015flik 550 mm Kapasite 2.5 Ton Liste Fiyat\u0131 420 $ Marka ATLAS Tekerlek","og_url":"https:\/\/canverditicaret.com\/en\/product\/2500kg-kap-dokum-pompa-transpalet-attp\/","og_site_name":"Can Verdi Ticaret","article_modified_time":"2025-02-16T13:06:06+00:00","og_image":[{"width":635,"height":410,"url":"https:\/\/canverditicaret.com\/wp-content\/uploads\/2024\/01\/1000169115.jpeg","type":"image\/jpeg"}],"twitter_card":"summary_large_image","twitter_misc":{"Est. reading time":"1 minute"},"schema":{"@context":"https:\/\/schema.org","@graph":[{"@type":"WebPage","@id":"https:\/\/canverditicaret.com\/urun\/2500kg-kap-dokum-pompa-transpalet-attp\/","url":"https:\/\/canverditicaret.com\/urun\/2500kg-kap-dokum-pompa-transpalet-attp\/","name":"2500KG KAP. D\u00d6K\u00dcM POMPA TRANSPALET ATTP - Can Verdi Ticaret","isPartOf":{"@id":"https:\/\/canverditicaret.com\/#website"},"datePublished":"2024-01-18T09:19:43+00:00","dateModified":"2025-02-16T13:06:06+00:00","breadcrumb":{"@id":"https:\/\/canverditicaret.com\/urun\/2500kg-kap-dokum-pompa-transpalet-attp\/#breadcrumb"},"inLanguage":"en-US","potentialAction":[{"@type":"ReadAction","target":["https:\/\/canverditicaret.com\/urun\/2500kg-kap-dokum-pompa-transpalet-attp\/"]}]},{"@type":"BreadcrumbList","@id":"https:\/\/canverditicaret.com\/urun\/2500kg-kap-dokum-pompa-transpalet-attp\/#breadcrumb","itemListElement":[{"@type":"ListItem","position":1,"name":"Anasayfa","item":"https:\/\/canverditicaret.com\/"},{"@type":"ListItem","position":2,"name":"Ma\u011faza","item":"https:\/\/canverditicaret.com\/shop\/"},{"@type":"ListItem","position":3,"name":"2500KG KAP. D\u00d6K\u00dcM POMPA TRANSPALET ATTP"}]},{"@type":"WebSite","@id":"https:\/\/canverditicaret.com\/#website","url":"https:\/\/canverditicaret.com\/","name":"Can Verdi Ticaret","description":"Can Verdi Ticaret","potentialAction":[{"@type":"SearchAction","target":{"@type":"EntryPoint","urlTemplate":"https:\/\/canverditicaret.com\/?s={search_term_string}"},"query-input":"required name=search_term_string"}],"inLanguage":"en-US"}]}},"_links":{"self":[{"href":"https:\/\/canverditicaret.com\/en\/wp-json\/wp\/v2\/product\/15727","targetHints":{"allow":["GET"]}}],"collection":[{"href":"https:\/\/canverditicaret.com\/en\/wp-json\/wp\/v2\/product"}],"about":[{"href":"https:\/\/canverditicaret.com\/en\/wp-json\/wp\/v2\/types\/product"}],"replies":[{"embeddable":true,"href":"https:\/\/canverditicaret.com\/en\/wp-json\/wp\/v2\/comments?post=15727"}],"version-history":[{"count":6,"href":"https:\/\/canverditicaret.com\/en\/wp-json\/wp\/v2\/product\/15727\/revisions"}],"predecessor-version":[{"id":16085,"href":"https:\/\/canverditicaret.com\/en\/wp-json\/wp\/v2\/product\/15727\/revisions\/16085"}],"wp:featuredmedia":[{"embeddable":true,"href":"https:\/\/canverditicaret.com\/en\/wp-json\/wp\/v2\/media\/17070"}],"wp:attachment":[{"href":"https:\/\/canverditicaret.com\/en\/wp-json\/wp\/v2\/media?parent=15727"}],"wp:term":[{"taxonomy":"product_cat","embeddable":true,"href":"https:\/\/canverditicaret.com\/en\/wp-json\/wp\/v2\/product_cat?post=15727"},{"taxonomy":"product_tag","embeddable":true,"href":"https:\/\/canverditicaret.com\/en\/wp-json\/wp\/v2\/product_tag?post=15727"}],"curies":[{"name":"wp","href":"https:\/\/api.w.org\/{rel}","templated":true}]}}