{"id":15726,"date":"2024-01-18T12:19:43","date_gmt":"2024-01-18T09:19:43","guid":{"rendered":"https:\/\/canverditicaret.com\/urun\/0603264503-pkp-18e-tutkal-tabancasi\/"},"modified":"2025-02-16T16:06:05","modified_gmt":"2025-02-16T13:06:05","slug":"0603264503-pkp-18e-tutkal-tabancasi","status":"publish","type":"product","link":"https:\/\/canverditicaret.com\/en\/product\/0603264503-pkp-18e-tutkal-tabancasi\/","title":{"rendered":"0603264503 PKP 18E GLUE GUN"},"content":{"rendered":"<div class=\"O-PTHG-Features__technicalTableLeft col-xs-12 col-sm-6\">\n<div class=\"A-PTHG-SpecTable\">\n<div class=\"A-PTHG-SpecTable__innerWrapper\">\n<div class=\"A-PTHG-SpecTable__row\">\n<div class=\"A-PTHG-SpecTable__column\">\n<div class=\"row\">\n<div class=\"col-xs-12\">\n<div class=\"O-PTHG-Features__technicalDataHeadline\">\n<table class=\"a-normal a-spacing-micro\">\n<tbody>\n<tr class=\"a-spacing-small po-grit.type\">\n<td class=\"a-span3\">Bonding performance<\/td>\n<td class=\"a-span9\">20g\/min<\/td>\n<\/tr>\n<tr class=\"a-spacing-small po-voltage\">\n<td class=\"a-span3\">Glue, diameter<\/td>\n<td class=\"a-span9\">11 x 45 \u2013 300mm<\/td>\n<\/tr>\n<tr class=\"a-spacing-small po-power_source_type\">\n<td class=\"a-span3\">Tool dimensions (L x W x H)<\/td>\n<td class=\"a-span9\">205 x 34 x 164mm<\/td>\n<\/tr>\n<tr class=\"a-spacing-small po-grit.number\">\n<td class=\"a-span3\">Weight<\/td>\n<td class=\"a-span9\">0.350kg<\/td>\n<\/tr>\n<\/tbody>\n<\/table>\n<\/div>\n<\/div>\n<\/div>\n<div class=\"O-PTHG-Features__technicalTableLeft col-xs-12 col-sm-6\">\n<div class=\"A-PTHG-SpecTable\">\n<div class=\"A-PTHG-SpecTable__innerWrapper\">\n<div class=\"A-PTHG-SpecTable__row\"><\/div>\n<\/div>\n<\/div>\n<\/div>\n<div class=\"O-PTHG-Features__technicalTableRight col-xs-12 col-sm-6\">\n<div class=\"A-PTHG-SpecTable\">\n<div class=\"A-PTHG-SpecTable__innerWrapper\">\n<div class=\"A-PTHG-SpecTable__row\">\n<div class=\"A-PTHG-SpecTable__column\"><\/div>\n<\/div>\n<\/div>\n<\/div>\n<\/div>\n<\/div>\n<\/div>\n<\/div>\n<\/div>\n<\/div>","protected":false},"excerpt":{"rendered":"<p>Bonding performance 20 g\/min Glue, diameter 11 x 45 \u2013 300 mm Tool dimensions (L x W x H) 205<\/p>","protected":false},"featured_media":17069,"comment_status":"open","ping_status":"closed","template":"","meta":[],"product_cat":[79],"product_tag":[],"class_list":["post-15726","product","type-product","status-publish","has-post-thumbnail","hentry","product_cat-elektrikli-el-aletleri"],"yoast_head":"<!-- This site is optimized with the Yoast SEO plugin v21.6 - https:\/\/yoast.com\/wordpress\/plugins\/seo\/ -->\n<title>0603264503 PKP 18E TUTKAL TABANCASI - Can Verdi Ticaret<\/title>\n<meta name=\"robots\" content=\"index, follow, max-snippet:-1, max-image-preview:large, max-video-preview:-1\" \/>\n<link rel=\"canonical\" href=\"https:\/\/canverditicaret.com\/en\/product\/0603264503-pkp-18e-tutkal-tabancasi\/\" \/>\n<meta property=\"og:locale\" content=\"en_US\" \/>\n<meta property=\"og:type\" content=\"article\" \/>\n<meta property=\"og:title\" content=\"0603264503 PKP 18E TUTKAL TABANCASI - Can Verdi Ticaret\" \/>\n<meta property=\"og:description\" content=\"Yap\u0131\u015ft\u0131rma performans\u0131 20 gr\/dak Tutkal, \u00e7ap\u0131 11 x 45 \u2013 300 mm Alet \u00f6l\u00e7\u00fcleri (U x G x Y) 205\" \/>\n<meta property=\"og:url\" content=\"https:\/\/canverditicaret.com\/en\/product\/0603264503-pkp-18e-tutkal-tabancasi\/\" \/>\n<meta property=\"og:site_name\" content=\"Can Verdi Ticaret\" \/>\n<meta property=\"article:modified_time\" content=\"2025-02-16T13:06:05+00:00\" \/>\n<meta property=\"og:image\" content=\"https:\/\/canverditicaret.com\/wp-content\/uploads\/2024\/01\/1000008931.png\" \/>\n\t<meta property=\"og:image:width\" content=\"1024\" \/>\n\t<meta property=\"og:image:height\" content=\"1024\" \/>\n\t<meta property=\"og:image:type\" content=\"image\/png\" \/>\n<meta name=\"twitter:card\" content=\"summary_large_image\" \/>\n<meta name=\"twitter:label1\" content=\"Est. reading time\" \/>\n\t<meta name=\"twitter:data1\" content=\"1 minute\" \/>\n<script type=\"application\/ld+json\" class=\"yoast-schema-graph\">{\"@context\":\"https:\/\/schema.org\",\"@graph\":[{\"@type\":\"WebPage\",\"@id\":\"https:\/\/canverditicaret.com\/urun\/0603264503-pkp-18e-tutkal-tabancasi\/\",\"url\":\"https:\/\/canverditicaret.com\/urun\/0603264503-pkp-18e-tutkal-tabancasi\/\",\"name\":\"0603264503 PKP 18E TUTKAL TABANCASI - Can Verdi Ticaret\",\"isPartOf\":{\"@id\":\"https:\/\/canverditicaret.com\/#website\"},\"datePublished\":\"2024-01-18T09:19:43+00:00\",\"dateModified\":\"2025-02-16T13:06:05+00:00\",\"breadcrumb\":{\"@id\":\"https:\/\/canverditicaret.com\/urun\/0603264503-pkp-18e-tutkal-tabancasi\/#breadcrumb\"},\"inLanguage\":\"en-US\",\"potentialAction\":[{\"@type\":\"ReadAction\",\"target\":[\"https:\/\/canverditicaret.com\/urun\/0603264503-pkp-18e-tutkal-tabancasi\/\"]}]},{\"@type\":\"BreadcrumbList\",\"@id\":\"https:\/\/canverditicaret.com\/urun\/0603264503-pkp-18e-tutkal-tabancasi\/#breadcrumb\",\"itemListElement\":[{\"@type\":\"ListItem\",\"position\":1,\"name\":\"Anasayfa\",\"item\":\"https:\/\/canverditicaret.com\/\"},{\"@type\":\"ListItem\",\"position\":2,\"name\":\"Ma\u011faza\",\"item\":\"https:\/\/canverditicaret.com\/shop\/\"},{\"@type\":\"ListItem\",\"position\":3,\"name\":\"0603264503 PKP 18E TUTKAL TABANCASI\"}]},{\"@type\":\"WebSite\",\"@id\":\"https:\/\/canverditicaret.com\/#website\",\"url\":\"https:\/\/canverditicaret.com\/\",\"name\":\"Can Verdi Ticaret\",\"description\":\"Can Verdi Ticaret\",\"potentialAction\":[{\"@type\":\"SearchAction\",\"target\":{\"@type\":\"EntryPoint\",\"urlTemplate\":\"https:\/\/canverditicaret.com\/?s={search_term_string}\"},\"query-input\":\"required name=search_term_string\"}],\"inLanguage\":\"en-US\"}]}<\/script>\n<!-- \/ Yoast SEO plugin. -->","yoast_head_json":{"title":"0603264503 PKP 18E TUTKAL TABANCASI - Can Verdi Ticaret","robots":{"index":"index","follow":"follow","max-snippet":"max-snippet:-1","max-image-preview":"max-image-preview:large","max-video-preview":"max-video-preview:-1"},"canonical":"https:\/\/canverditicaret.com\/en\/product\/0603264503-pkp-18e-tutkal-tabancasi\/","og_locale":"en_US","og_type":"article","og_title":"0603264503 PKP 18E TUTKAL TABANCASI - Can Verdi Ticaret","og_description":"Yap\u0131\u015ft\u0131rma performans\u0131 20 gr\/dak Tutkal, \u00e7ap\u0131 11 x 45 \u2013 300 mm Alet \u00f6l\u00e7\u00fcleri (U x G x Y) 205","og_url":"https:\/\/canverditicaret.com\/en\/product\/0603264503-pkp-18e-tutkal-tabancasi\/","og_site_name":"Can Verdi Ticaret","article_modified_time":"2025-02-16T13:06:05+00:00","og_image":[{"width":1024,"height":1024,"url":"https:\/\/canverditicaret.com\/wp-content\/uploads\/2024\/01\/1000008931.png","type":"image\/png"}],"twitter_card":"summary_large_image","twitter_misc":{"Est. reading time":"1 minute"},"schema":{"@context":"https:\/\/schema.org","@graph":[{"@type":"WebPage","@id":"https:\/\/canverditicaret.com\/urun\/0603264503-pkp-18e-tutkal-tabancasi\/","url":"https:\/\/canverditicaret.com\/urun\/0603264503-pkp-18e-tutkal-tabancasi\/","name":"0603264503 PKP 18E TUTKAL TABANCASI - Can Verdi Ticaret","isPartOf":{"@id":"https:\/\/canverditicaret.com\/#website"},"datePublished":"2024-01-18T09:19:43+00:00","dateModified":"2025-02-16T13:06:05+00:00","breadcrumb":{"@id":"https:\/\/canverditicaret.com\/urun\/0603264503-pkp-18e-tutkal-tabancasi\/#breadcrumb"},"inLanguage":"en-US","potentialAction":[{"@type":"ReadAction","target":["https:\/\/canverditicaret.com\/urun\/0603264503-pkp-18e-tutkal-tabancasi\/"]}]},{"@type":"BreadcrumbList","@id":"https:\/\/canverditicaret.com\/urun\/0603264503-pkp-18e-tutkal-tabancasi\/#breadcrumb","itemListElement":[{"@type":"ListItem","position":1,"name":"Anasayfa","item":"https:\/\/canverditicaret.com\/"},{"@type":"ListItem","position":2,"name":"Ma\u011faza","item":"https:\/\/canverditicaret.com\/shop\/"},{"@type":"ListItem","position":3,"name":"0603264503 PKP 18E TUTKAL TABANCASI"}]},{"@type":"WebSite","@id":"https:\/\/canverditicaret.com\/#website","url":"https:\/\/canverditicaret.com\/","name":"Can Verdi Ticaret","description":"Can Verdi Ticaret","potentialAction":[{"@type":"SearchAction","target":{"@type":"EntryPoint","urlTemplate":"https:\/\/canverditicaret.com\/?s={search_term_string}"},"query-input":"required name=search_term_string"}],"inLanguage":"en-US"}]}},"_links":{"self":[{"href":"https:\/\/canverditicaret.com\/en\/wp-json\/wp\/v2\/product\/15726","targetHints":{"allow":["GET"]}}],"collection":[{"href":"https:\/\/canverditicaret.com\/en\/wp-json\/wp\/v2\/product"}],"about":[{"href":"https:\/\/canverditicaret.com\/en\/wp-json\/wp\/v2\/types\/product"}],"replies":[{"embeddable":true,"href":"https:\/\/canverditicaret.com\/en\/wp-json\/wp\/v2\/comments?post=15726"}],"version-history":[{"count":3,"href":"https:\/\/canverditicaret.com\/en\/wp-json\/wp\/v2\/product\/15726\/revisions"}],"predecessor-version":[{"id":16087,"href":"https:\/\/canverditicaret.com\/en\/wp-json\/wp\/v2\/product\/15726\/revisions\/16087"}],"wp:featuredmedia":[{"embeddable":true,"href":"https:\/\/canverditicaret.com\/en\/wp-json\/wp\/v2\/media\/17069"}],"wp:attachment":[{"href":"https:\/\/canverditicaret.com\/en\/wp-json\/wp\/v2\/media?parent=15726"}],"wp:term":[{"taxonomy":"product_cat","embeddable":true,"href":"https:\/\/canverditicaret.com\/en\/wp-json\/wp\/v2\/product_cat?post=15726"},{"taxonomy":"product_tag","embeddable":true,"href":"https:\/\/canverditicaret.com\/en\/wp-json\/wp\/v2\/product_tag?post=15726"}],"curies":[{"name":"wp","href":"https:\/\/api.w.org\/{rel}","templated":true}]}}