{"id":15721,"date":"2024-01-18T12:19:43","date_gmt":"2024-01-18T09:19:43","guid":{"rendered":"https:\/\/canverditicaret.com\/urun\/bosch-pfs3000-2-boya-tab-650w\/"},"modified":"2025-02-16T16:06:05","modified_gmt":"2025-02-16T13:06:05","slug":"bosch-pfs3000-2-boya-tab-650w","status":"publish","type":"product","link":"https:\/\/canverditicaret.com\/en\/product\/bosch-pfs3000-2-boya-tab-650w\/","title":{"rendered":"BOSCH PFS3000-2 PAINT TABLE 650W"},"content":{"rendered":"<table class=\"table table-borderless table-sm\">\n<tbody>\n<tr>\n<th>Height<\/th>\n<td class=\"text-c2 feature\"><span class=\"feature-value\"><br \/>\n32<\/span><br \/>\n<span class=\"text-c2 symbol\">cm<\/span><\/td>\n<\/tr>\n<tr>\n<th>Width<\/th>\n<td class=\"text-c2 feature\"><span class=\"feature-value\"><br \/>\n35.8<\/span><br \/>\n<span class=\"text-c2 symbol\">cm<\/span><\/td>\n<\/tr>\n<tr>\n<th>Depth<\/th>\n<td class=\"text-c2 feature\"><span class=\"feature-value\"><br \/>\n27.7<\/span><br \/>\n<span class=\"text-c2 symbol\">cm<\/span><\/td>\n<\/tr>\n<tr>\n<th>Weight<\/th>\n<td class=\"text-c2 feature\"><span class=\"feature-value\"><br \/>\n4.566<\/span><br \/>\n<span class=\"text-c2 symbol\">kg<\/span><\/td>\n<\/tr>\n<tr>\n<th>Cable Length<\/th>\n<td class=\"text-c2 feature\"><span class=\"feature-value\"><br \/>\n2<\/span><br \/>\n<span class=\"text-c2 symbol\">Metre<\/span><\/td>\n<\/tr>\n<tr>\n<th>Number of Paint Containers<\/th>\n<td class=\"text-c2 feature\"><span class=\"feature-value\"><br \/>\n1<\/span><br \/>\n<span class=\"text-c2 symbol\">Piece<\/span><\/td>\n<\/tr>\n<tr>\n<th>Paint Hopper Capacity<\/th>\n<td class=\"text-c2 feature\"><span class=\"feature-value\"><br \/>\n1<\/span><br \/>\n<span class=\"text-c2 symbol\">Liter<\/span><\/td>\n<\/tr>\n<tr>\n<th>Strength<\/th>\n<td class=\"text-c2 feature\"><span class=\"feature-value\"><br \/>\n650<\/span><br \/>\n<span class=\"text-c2 symbol\">watts<\/span><\/td>\n<\/tr>\n<tr>\n<th>Package Included<\/th>\n<td class=\"text-c2 feature\"><span class=\"feature-value\"><br \/>\n1 x shoulder strap, 2 x nozzle tips (for wood and wall), 1 x cleaning brush, 1 x paint filter<\/span><\/td>\n<\/tr>\n<tr>\n<th>Colour<\/th>\n<td class=\"text-c2 feature\"><span class=\"feature-value\"><br \/>\nGreen<\/span><\/td>\n<\/tr>\n<\/tbody>\n<\/table>","protected":false},"excerpt":{"rendered":"<p>Height 32 cm Width 35.8 cm Depth 27.7 cm Weight 4.566 kg Cable Length 2 Meters Number of Paint Containers 1<\/p>","protected":false},"featured_media":15787,"comment_status":"open","ping_status":"closed","template":"","meta":[],"product_cat":[79],"product_tag":[],"class_list":["post-15721","product","type-product","status-publish","has-post-thumbnail","hentry","product_cat-elektrikli-el-aletleri"],"yoast_head":"<!-- This site is optimized with the Yoast SEO plugin v21.6 - https:\/\/yoast.com\/wordpress\/plugins\/seo\/ -->\n<title>BOSCH PFS3000-2 BOYA TAB. 650W - Can Verdi Ticaret<\/title>\n<meta name=\"robots\" content=\"index, follow, max-snippet:-1, max-image-preview:large, max-video-preview:-1\" \/>\n<link rel=\"canonical\" href=\"https:\/\/canverditicaret.com\/en\/product\/bosch-pfs3000-2-boya-tab-650w\/\" \/>\n<meta property=\"og:locale\" content=\"en_US\" \/>\n<meta property=\"og:type\" content=\"article\" \/>\n<meta property=\"og:title\" content=\"BOSCH PFS3000-2 BOYA TAB. 650W - Can Verdi Ticaret\" \/>\n<meta property=\"og:description\" content=\"Y\u00fckseklik 32 cm Geni\u015flik 35.8 cm Derinlik 27.7 cm A\u011f\u0131rl\u0131k 4.566 kg Kablo Uzunlu\u011fu 2 Metre Boya Kab\u0131 Say\u0131s\u0131 1\" \/>\n<meta property=\"og:url\" content=\"https:\/\/canverditicaret.com\/en\/product\/bosch-pfs3000-2-boya-tab-650w\/\" \/>\n<meta property=\"og:site_name\" content=\"Can Verdi Ticaret\" \/>\n<meta property=\"article:modified_time\" content=\"2025-02-16T13:06:05+00:00\" \/>\n<meta property=\"og:image\" content=\"https:\/\/canverditicaret.com\/wp-content\/uploads\/2024\/01\/bosch-boya-tabancasi-pfs-3000-2.jpg\" \/>\n\t<meta property=\"og:image:width\" content=\"1024\" \/>\n\t<meta property=\"og:image:height\" content=\"1024\" \/>\n\t<meta property=\"og:image:type\" content=\"image\/jpeg\" \/>\n<meta name=\"twitter:card\" content=\"summary_large_image\" \/>\n<meta name=\"twitter:label1\" content=\"Est. reading time\" \/>\n\t<meta name=\"twitter:data1\" content=\"1 minute\" \/>\n<script type=\"application\/ld+json\" class=\"yoast-schema-graph\">{\"@context\":\"https:\/\/schema.org\",\"@graph\":[{\"@type\":\"WebPage\",\"@id\":\"https:\/\/canverditicaret.com\/urun\/bosch-pfs3000-2-boya-tab-650w\/\",\"url\":\"https:\/\/canverditicaret.com\/urun\/bosch-pfs3000-2-boya-tab-650w\/\",\"name\":\"BOSCH PFS3000-2 BOYA TAB. 650W - Can Verdi Ticaret\",\"isPartOf\":{\"@id\":\"https:\/\/canverditicaret.com\/#website\"},\"datePublished\":\"2024-01-18T09:19:43+00:00\",\"dateModified\":\"2025-02-16T13:06:05+00:00\",\"breadcrumb\":{\"@id\":\"https:\/\/canverditicaret.com\/urun\/bosch-pfs3000-2-boya-tab-650w\/#breadcrumb\"},\"inLanguage\":\"en-US\",\"potentialAction\":[{\"@type\":\"ReadAction\",\"target\":[\"https:\/\/canverditicaret.com\/urun\/bosch-pfs3000-2-boya-tab-650w\/\"]}]},{\"@type\":\"BreadcrumbList\",\"@id\":\"https:\/\/canverditicaret.com\/urun\/bosch-pfs3000-2-boya-tab-650w\/#breadcrumb\",\"itemListElement\":[{\"@type\":\"ListItem\",\"position\":1,\"name\":\"Anasayfa\",\"item\":\"https:\/\/canverditicaret.com\/\"},{\"@type\":\"ListItem\",\"position\":2,\"name\":\"Ma\u011faza\",\"item\":\"https:\/\/canverditicaret.com\/shop\/\"},{\"@type\":\"ListItem\",\"position\":3,\"name\":\"BOSCH PFS3000-2 BOYA TAB. 650W\"}]},{\"@type\":\"WebSite\",\"@id\":\"https:\/\/canverditicaret.com\/#website\",\"url\":\"https:\/\/canverditicaret.com\/\",\"name\":\"Can Verdi Ticaret\",\"description\":\"Can Verdi Ticaret\",\"potentialAction\":[{\"@type\":\"SearchAction\",\"target\":{\"@type\":\"EntryPoint\",\"urlTemplate\":\"https:\/\/canverditicaret.com\/?s={search_term_string}\"},\"query-input\":\"required name=search_term_string\"}],\"inLanguage\":\"en-US\"}]}<\/script>\n<!-- \/ Yoast SEO plugin. -->","yoast_head_json":{"title":"BOSCH PFS3000-2 BOYA TAB. 650W - Can Verdi Ticaret","robots":{"index":"index","follow":"follow","max-snippet":"max-snippet:-1","max-image-preview":"max-image-preview:large","max-video-preview":"max-video-preview:-1"},"canonical":"https:\/\/canverditicaret.com\/en\/product\/bosch-pfs3000-2-boya-tab-650w\/","og_locale":"en_US","og_type":"article","og_title":"BOSCH PFS3000-2 BOYA TAB. 650W - Can Verdi Ticaret","og_description":"Y\u00fckseklik 32 cm Geni\u015flik 35.8 cm Derinlik 27.7 cm A\u011f\u0131rl\u0131k 4.566 kg Kablo Uzunlu\u011fu 2 Metre Boya Kab\u0131 Say\u0131s\u0131 1","og_url":"https:\/\/canverditicaret.com\/en\/product\/bosch-pfs3000-2-boya-tab-650w\/","og_site_name":"Can Verdi Ticaret","article_modified_time":"2025-02-16T13:06:05+00:00","og_image":[{"width":1024,"height":1024,"url":"https:\/\/canverditicaret.com\/wp-content\/uploads\/2024\/01\/bosch-boya-tabancasi-pfs-3000-2.jpg","type":"image\/jpeg"}],"twitter_card":"summary_large_image","twitter_misc":{"Est. reading time":"1 minute"},"schema":{"@context":"https:\/\/schema.org","@graph":[{"@type":"WebPage","@id":"https:\/\/canverditicaret.com\/urun\/bosch-pfs3000-2-boya-tab-650w\/","url":"https:\/\/canverditicaret.com\/urun\/bosch-pfs3000-2-boya-tab-650w\/","name":"BOSCH PFS3000-2 BOYA TAB. 650W - Can Verdi Ticaret","isPartOf":{"@id":"https:\/\/canverditicaret.com\/#website"},"datePublished":"2024-01-18T09:19:43+00:00","dateModified":"2025-02-16T13:06:05+00:00","breadcrumb":{"@id":"https:\/\/canverditicaret.com\/urun\/bosch-pfs3000-2-boya-tab-650w\/#breadcrumb"},"inLanguage":"en-US","potentialAction":[{"@type":"ReadAction","target":["https:\/\/canverditicaret.com\/urun\/bosch-pfs3000-2-boya-tab-650w\/"]}]},{"@type":"BreadcrumbList","@id":"https:\/\/canverditicaret.com\/urun\/bosch-pfs3000-2-boya-tab-650w\/#breadcrumb","itemListElement":[{"@type":"ListItem","position":1,"name":"Anasayfa","item":"https:\/\/canverditicaret.com\/"},{"@type":"ListItem","position":2,"name":"Ma\u011faza","item":"https:\/\/canverditicaret.com\/shop\/"},{"@type":"ListItem","position":3,"name":"BOSCH PFS3000-2 BOYA TAB. 650W"}]},{"@type":"WebSite","@id":"https:\/\/canverditicaret.com\/#website","url":"https:\/\/canverditicaret.com\/","name":"Can Verdi Ticaret","description":"Can Verdi Ticaret","potentialAction":[{"@type":"SearchAction","target":{"@type":"EntryPoint","urlTemplate":"https:\/\/canverditicaret.com\/?s={search_term_string}"},"query-input":"required name=search_term_string"}],"inLanguage":"en-US"}]}},"_links":{"self":[{"href":"https:\/\/canverditicaret.com\/en\/wp-json\/wp\/v2\/product\/15721","targetHints":{"allow":["GET"]}}],"collection":[{"href":"https:\/\/canverditicaret.com\/en\/wp-json\/wp\/v2\/product"}],"about":[{"href":"https:\/\/canverditicaret.com\/en\/wp-json\/wp\/v2\/types\/product"}],"replies":[{"embeddable":true,"href":"https:\/\/canverditicaret.com\/en\/wp-json\/wp\/v2\/comments?post=15721"}],"version-history":[{"count":3,"href":"https:\/\/canverditicaret.com\/en\/wp-json\/wp\/v2\/product\/15721\/revisions"}],"predecessor-version":[{"id":15790,"href":"https:\/\/canverditicaret.com\/en\/wp-json\/wp\/v2\/product\/15721\/revisions\/15790"}],"wp:featuredmedia":[{"embeddable":true,"href":"https:\/\/canverditicaret.com\/en\/wp-json\/wp\/v2\/media\/15787"}],"wp:attachment":[{"href":"https:\/\/canverditicaret.com\/en\/wp-json\/wp\/v2\/media?parent=15721"}],"wp:term":[{"taxonomy":"product_cat","embeddable":true,"href":"https:\/\/canverditicaret.com\/en\/wp-json\/wp\/v2\/product_cat?post=15721"},{"taxonomy":"product_tag","embeddable":true,"href":"https:\/\/canverditicaret.com\/en\/wp-json\/wp\/v2\/product_tag?post=15721"}],"curies":[{"name":"wp","href":"https:\/\/api.w.org\/{rel}","templated":true}]}}