{"id":15720,"date":"2024-01-18T12:19:43","date_gmt":"2024-01-18T09:19:43","guid":{"rendered":"https:\/\/canverditicaret.com\/urun\/bosch-pfs2000-boya-tab-440w\/"},"modified":"2025-02-16T16:06:05","modified_gmt":"2025-02-16T13:06:05","slug":"bosch-pfs2000-boya-tab-440w","status":"publish","type":"product","link":"https:\/\/canverditicaret.com\/en\/product\/bosch-pfs2000-boya-tab-440w\/","title":{"rendered":"BOSCH PFS2000 PAINT TABLE 440W"},"content":{"rendered":"<table class=\"ppt\" border=\"1\">\n<tbody>\n<tr>\n<td>Strength<\/td>\n<td>: 440W<\/td>\n<\/tr>\n<tr>\n<td>Warehouse Direction<\/td>\n<td>: Bottom Tank<\/td>\n<\/tr>\n<tr>\n<td>Hopper Capacity<\/td>\n<td>: 800ml<\/td>\n<\/tr>\n<tr>\n<td>Flow Rate<\/td>\n<td>: 200 ml\/min<\/td>\n<\/tr>\n<tr>\n<td>Hose Length<\/td>\n<td>: 1.3 meters<\/td>\n<\/tr>\n<tr>\n<td>Engine Type<\/td>\n<td>: Electric<\/td>\n<\/tr>\n<\/tbody>\n<\/table>","protected":false},"excerpt":{"rendered":"<p>Power: 440 W Tank Direction: Bottom Tank Capacity: 800 ml Flow Rate:<\/p>","protected":false},"featured_media":16942,"comment_status":"open","ping_status":"closed","template":"","meta":[],"product_cat":[79],"product_tag":[],"class_list":["post-15720","product","type-product","status-publish","has-post-thumbnail","hentry","product_cat-elektrikli-el-aletleri"],"yoast_head":"<!-- This site is optimized with the Yoast SEO plugin v21.6 - https:\/\/yoast.com\/wordpress\/plugins\/seo\/ -->\n<title>BOSCH PFS2000 BOYA TAB. 440W - Can Verdi Ticaret<\/title>\n<meta name=\"robots\" content=\"index, follow, max-snippet:-1, max-image-preview:large, max-video-preview:-1\" \/>\n<link rel=\"canonical\" href=\"https:\/\/canverditicaret.com\/en\/product\/bosch-pfs2000-boya-tab-440w\/\" \/>\n<meta property=\"og:locale\" content=\"en_US\" \/>\n<meta property=\"og:type\" content=\"article\" \/>\n<meta property=\"og:title\" content=\"BOSCH PFS2000 BOYA TAB. 440W - Can Verdi Ticaret\" \/>\n<meta property=\"og:description\" content=\"G\u00fc\u00e7 : \u00a0 440 W Depo Y\u00f6n\u00fc : \u00a0 Alttan Depolu Hazne Kapasitesi : \u00a0 800 ml Ak\u0131\u015f H\u0131z\u0131 :\" \/>\n<meta property=\"og:url\" content=\"https:\/\/canverditicaret.com\/en\/product\/bosch-pfs2000-boya-tab-440w\/\" \/>\n<meta property=\"og:site_name\" content=\"Can Verdi Ticaret\" \/>\n<meta property=\"article:modified_time\" content=\"2025-02-16T13:06:05+00:00\" \/>\n<meta property=\"og:image\" content=\"https:\/\/canverditicaret.com\/wp-content\/uploads\/2024\/01\/1000162839.png\" \/>\n\t<meta property=\"og:image:width\" content=\"1024\" \/>\n\t<meta property=\"og:image:height\" content=\"1024\" \/>\n\t<meta property=\"og:image:type\" content=\"image\/png\" \/>\n<meta name=\"twitter:card\" content=\"summary_large_image\" \/>\n<meta name=\"twitter:label1\" content=\"Est. reading time\" \/>\n\t<meta name=\"twitter:data1\" content=\"1 minute\" \/>\n<script type=\"application\/ld+json\" class=\"yoast-schema-graph\">{\"@context\":\"https:\/\/schema.org\",\"@graph\":[{\"@type\":\"WebPage\",\"@id\":\"https:\/\/canverditicaret.com\/urun\/bosch-pfs2000-boya-tab-440w\/\",\"url\":\"https:\/\/canverditicaret.com\/urun\/bosch-pfs2000-boya-tab-440w\/\",\"name\":\"BOSCH PFS2000 BOYA TAB. 440W - Can Verdi Ticaret\",\"isPartOf\":{\"@id\":\"https:\/\/canverditicaret.com\/#website\"},\"datePublished\":\"2024-01-18T09:19:43+00:00\",\"dateModified\":\"2025-02-16T13:06:05+00:00\",\"breadcrumb\":{\"@id\":\"https:\/\/canverditicaret.com\/urun\/bosch-pfs2000-boya-tab-440w\/#breadcrumb\"},\"inLanguage\":\"en-US\",\"potentialAction\":[{\"@type\":\"ReadAction\",\"target\":[\"https:\/\/canverditicaret.com\/urun\/bosch-pfs2000-boya-tab-440w\/\"]}]},{\"@type\":\"BreadcrumbList\",\"@id\":\"https:\/\/canverditicaret.com\/urun\/bosch-pfs2000-boya-tab-440w\/#breadcrumb\",\"itemListElement\":[{\"@type\":\"ListItem\",\"position\":1,\"name\":\"Anasayfa\",\"item\":\"https:\/\/canverditicaret.com\/\"},{\"@type\":\"ListItem\",\"position\":2,\"name\":\"Ma\u011faza\",\"item\":\"https:\/\/canverditicaret.com\/shop\/\"},{\"@type\":\"ListItem\",\"position\":3,\"name\":\"BOSCH PFS2000 BOYA TAB. 440W\"}]},{\"@type\":\"WebSite\",\"@id\":\"https:\/\/canverditicaret.com\/#website\",\"url\":\"https:\/\/canverditicaret.com\/\",\"name\":\"Can Verdi Ticaret\",\"description\":\"Can Verdi Ticaret\",\"potentialAction\":[{\"@type\":\"SearchAction\",\"target\":{\"@type\":\"EntryPoint\",\"urlTemplate\":\"https:\/\/canverditicaret.com\/?s={search_term_string}\"},\"query-input\":\"required name=search_term_string\"}],\"inLanguage\":\"en-US\"}]}<\/script>\n<!-- \/ Yoast SEO plugin. -->","yoast_head_json":{"title":"BOSCH PFS2000 BOYA TAB. 440W - Can Verdi Ticaret","robots":{"index":"index","follow":"follow","max-snippet":"max-snippet:-1","max-image-preview":"max-image-preview:large","max-video-preview":"max-video-preview:-1"},"canonical":"https:\/\/canverditicaret.com\/en\/product\/bosch-pfs2000-boya-tab-440w\/","og_locale":"en_US","og_type":"article","og_title":"BOSCH PFS2000 BOYA TAB. 440W - Can Verdi Ticaret","og_description":"G\u00fc\u00e7 : \u00a0 440 W Depo Y\u00f6n\u00fc : \u00a0 Alttan Depolu Hazne Kapasitesi : \u00a0 800 ml Ak\u0131\u015f H\u0131z\u0131 :","og_url":"https:\/\/canverditicaret.com\/en\/product\/bosch-pfs2000-boya-tab-440w\/","og_site_name":"Can Verdi Ticaret","article_modified_time":"2025-02-16T13:06:05+00:00","og_image":[{"width":1024,"height":1024,"url":"https:\/\/canverditicaret.com\/wp-content\/uploads\/2024\/01\/1000162839.png","type":"image\/png"}],"twitter_card":"summary_large_image","twitter_misc":{"Est. reading time":"1 minute"},"schema":{"@context":"https:\/\/schema.org","@graph":[{"@type":"WebPage","@id":"https:\/\/canverditicaret.com\/urun\/bosch-pfs2000-boya-tab-440w\/","url":"https:\/\/canverditicaret.com\/urun\/bosch-pfs2000-boya-tab-440w\/","name":"BOSCH PFS2000 BOYA TAB. 440W - Can Verdi Ticaret","isPartOf":{"@id":"https:\/\/canverditicaret.com\/#website"},"datePublished":"2024-01-18T09:19:43+00:00","dateModified":"2025-02-16T13:06:05+00:00","breadcrumb":{"@id":"https:\/\/canverditicaret.com\/urun\/bosch-pfs2000-boya-tab-440w\/#breadcrumb"},"inLanguage":"en-US","potentialAction":[{"@type":"ReadAction","target":["https:\/\/canverditicaret.com\/urun\/bosch-pfs2000-boya-tab-440w\/"]}]},{"@type":"BreadcrumbList","@id":"https:\/\/canverditicaret.com\/urun\/bosch-pfs2000-boya-tab-440w\/#breadcrumb","itemListElement":[{"@type":"ListItem","position":1,"name":"Anasayfa","item":"https:\/\/canverditicaret.com\/"},{"@type":"ListItem","position":2,"name":"Ma\u011faza","item":"https:\/\/canverditicaret.com\/shop\/"},{"@type":"ListItem","position":3,"name":"BOSCH PFS2000 BOYA TAB. 440W"}]},{"@type":"WebSite","@id":"https:\/\/canverditicaret.com\/#website","url":"https:\/\/canverditicaret.com\/","name":"Can Verdi Ticaret","description":"Can Verdi Ticaret","potentialAction":[{"@type":"SearchAction","target":{"@type":"EntryPoint","urlTemplate":"https:\/\/canverditicaret.com\/?s={search_term_string}"},"query-input":"required name=search_term_string"}],"inLanguage":"en-US"}]}},"_links":{"self":[{"href":"https:\/\/canverditicaret.com\/en\/wp-json\/wp\/v2\/product\/15720","targetHints":{"allow":["GET"]}}],"collection":[{"href":"https:\/\/canverditicaret.com\/en\/wp-json\/wp\/v2\/product"}],"about":[{"href":"https:\/\/canverditicaret.com\/en\/wp-json\/wp\/v2\/types\/product"}],"replies":[{"embeddable":true,"href":"https:\/\/canverditicaret.com\/en\/wp-json\/wp\/v2\/comments?post=15720"}],"version-history":[{"count":2,"href":"https:\/\/canverditicaret.com\/en\/wp-json\/wp\/v2\/product\/15720\/revisions"}],"predecessor-version":[{"id":16071,"href":"https:\/\/canverditicaret.com\/en\/wp-json\/wp\/v2\/product\/15720\/revisions\/16071"}],"wp:featuredmedia":[{"embeddable":true,"href":"https:\/\/canverditicaret.com\/en\/wp-json\/wp\/v2\/media\/16942"}],"wp:attachment":[{"href":"https:\/\/canverditicaret.com\/en\/wp-json\/wp\/v2\/media?parent=15720"}],"wp:term":[{"taxonomy":"product_cat","embeddable":true,"href":"https:\/\/canverditicaret.com\/en\/wp-json\/wp\/v2\/product_cat?post=15720"},{"taxonomy":"product_tag","embeddable":true,"href":"https:\/\/canverditicaret.com\/en\/wp-json\/wp\/v2\/product_tag?post=15720"}],"curies":[{"name":"wp","href":"https:\/\/api.w.org\/{rel}","templated":true}]}}