{"id":9,"date":"2023-12-09T04:58:57","date_gmt":"2023-12-09T01:58:57","guid":{"rendered":"http:\/\/canverditicaret.com\/sepet\/"},"modified":"2023-12-09T04:58:57","modified_gmt":"2023-12-09T01:58:57","slug":"sepet","status":"publish","type":"page","link":"https:\/\/canverditicaret.com\/en\/sepet\/","title":{"rendered":"Basket"},"content":{"rendered":"<div data-block-name=\"woocommerce\/cart\" class=\"wp-block-woocommerce-cart alignwide is-loading\"><div data-block-name=\"woocommerce\/filled-cart-block\" class=\"wp-block-woocommerce-filled-cart-block\"><div data-block-name=\"woocommerce\/cart-items-block\" class=\"wp-block-woocommerce-cart-items-block\"><div data-block-name=\"woocommerce\/cart-line-items-block\" class=\"wp-block-woocommerce-cart-line-items-block\"><\/div>\n\n<div data-block-name=\"woocommerce\/cart-cross-sells-block\" class=\"wp-block-woocommerce-cart-cross-sells-block\">\n<h2 class=\"wp-block-heading has-large-font-size\">You might be interested in\u2026<\/h2>\n\n\n<div data-block-name=\"woocommerce\/cart-cross-sells-products-block\" class=\"wp-block-woocommerce-cart-cross-sells-products-block\"><\/div><\/div><\/div>\n\n<div data-block-name=\"woocommerce\/cart-totals-block\" class=\"wp-block-woocommerce-cart-totals-block\"><div data-block-name=\"woocommerce\/cart-order-summary-block\" class=\"wp-block-woocommerce-cart-order-summary-block\"><div data-block-name=\"woocommerce\/cart-order-summary-heading-block\" class=\"wp-block-woocommerce-cart-order-summary-heading-block\"><\/div>\n\n<div data-block-name=\"woocommerce\/cart-order-summary-coupon-form-block\" class=\"wp-block-woocommerce-cart-order-summary-coupon-form-block\"><\/div>\n\n<div data-block-name=\"woocommerce\/cart-order-summary-subtotal-block\" class=\"wp-block-woocommerce-cart-order-summary-subtotal-block\"><\/div>\n\n<div data-block-name=\"woocommerce\/cart-order-summary-fee-block\" class=\"wp-block-woocommerce-cart-order-summary-fee-block\"><\/div>\n\n<div data-block-name=\"woocommerce\/cart-order-summary-discount-block\" class=\"wp-block-woocommerce-cart-order-summary-discount-block\"><\/div>\n\n<div data-block-name=\"woocommerce\/cart-order-summary-shipping-block\" class=\"wp-block-woocommerce-cart-order-summary-shipping-block\"><\/div>\n\n<div data-block-name=\"woocommerce\/cart-order-summary-taxes-block\" class=\"wp-block-woocommerce-cart-order-summary-taxes-block\"><\/div><\/div>\n\n<div data-block-name=\"woocommerce\/cart-express-payment-block\" class=\"wp-block-woocommerce-cart-express-payment-block\"><\/div>\n\n<div data-block-name=\"woocommerce\/proceed-to-checkout-block\" class=\"wp-block-woocommerce-proceed-to-checkout-block\"><\/div>\n\n<div data-block-name=\"woocommerce\/cart-accepted-payment-methods-block\" class=\"wp-block-woocommerce-cart-accepted-payment-methods-block\"><\/div><\/div><\/div>\n\n<div data-block-name=\"woocommerce\/empty-cart-block\" class=\"wp-block-woocommerce-empty-cart-block\">\n<h2 class=\"wp-block-heading has-text-align-center with-empty-cart-icon wc-block-cart__empty-cart__title\">Your cart is currently empty!<\/h2>\n\n\n\n<hr class=\"wp-block-separator has-alpha-channel-opacity is-style-dots\"\/>\n\n\n\n<h2 class=\"wp-block-heading has-text-align-center\">new in store<\/h2>\n\n\n<div data-block-name=\"woocommerce\/product-new\" data-columns=\"4\" data-rows=\"1\" class=\"wc-block-grid wp-block-product-new wc-block-product-new has-4-columns\"><ul class=\"wc-block-grid__products\"><li class=\"wc-block-grid__product\">\n\t\t\t\t<a href=\"https:\/\/canverditicaret.com\/en\/product\/bosch-25-parcali-x-line-vidalama-seti\/\" class=\"wc-block-grid__product-link\">\n\t\t\t\t\t\n\t\t\t\t\t<div class=\"wc-block-grid__product-image\"><img fetchpriority=\"high\" decoding=\"async\" width=\"424\" height=\"600\" src=\"https:\/\/canverditicaret.com\/wp-content\/uploads\/2025\/05\/xline.webp\" class=\"attachment-woocommerce_thumbnail size-woocommerce_thumbnail\" alt=\"Bosch 25 Par\u00e7al\u0131 X-Line Vidalama Seti\" srcset=\"https:\/\/canverditicaret.com\/wp-content\/uploads\/2025\/05\/xline.webp 424w, https:\/\/canverditicaret.com\/wp-content\/uploads\/2025\/05\/xline-212x300.webp 212w, https:\/\/canverditicaret.com\/wp-content\/uploads\/2025\/05\/xline-8x12.webp 8w, https:\/\/canverditicaret.com\/wp-content\/uploads\/2025\/05\/xline-150x212.webp 150w\" sizes=\"(max-width: 424px) 100vw, 424px\" \/><\/div>\n\t\t\t\t\t<div class=\"wc-block-grid__product-title\">Bosch 25 Piece X-Line Screwdriver Set<\/div>\n\t\t\t\t<\/a>\n\t\t\t\t<div class=\"wc-block-grid__product-price price\"><span class=\"woocommerce-Price-amount amount\"><span class=\"woocommerce-Price-currencySymbol\">&#8378;<\/span>389<\/span><\/div>\n\t\t\t\t\n\t\t\t\t<div class=\"wp-block-button wc-block-grid__product-add-to-cart\"><a href=\"?add-to-cart=17466\" aria-label=\"Add \u201cBosch 25 Par\u00e7al\u0131 X-Line Vidalama Seti\u201d to your cart\" data-quantity=\"1\" data-product_id=\"17466\" data-product_sku=\"\" data-price=\"389\" rel=\"nofollow\" class=\"wp-block-button__link  add_to_cart_button ajax_add_to_cart\" data-no-translation=\"\" data-trp-gettext=\"\" data-no-translation-aria-label=\"\">Add to cart<\/a><\/div>\n\t\t\t<\/li><li class=\"wc-block-grid__product\">\n\t\t\t\t<a href=\"https:\/\/canverditicaret.com\/en\/product\/dewalt-dcd796p2-qw-18v-5-0ah-li-ion-cift-akulu-komursuz-profesyonel-darbeli-matkap\/\" class=\"wc-block-grid__product-link\">\n\t\t\t\t\t<div class=\"wc-block-grid__product-onsale\">\n\t\t\t<span aria-hidden=\"true\" data-no-translation=\"\" data-trp-gettext=\"\">Sale<\/span>\n\t\t\t<span class=\"screen-reader-text\" data-no-translation=\"\" data-trp-gettext=\"\">Product on sale<\/span>\n\t\t<\/div>\n\t\t\t\t\t<div class=\"wc-block-grid__product-image\"><img decoding=\"async\" width=\"424\" height=\"600\" src=\"https:\/\/canverditicaret.com\/wp-content\/uploads\/2025\/05\/dcd796-vitrin.webp\" class=\"attachment-woocommerce_thumbnail size-woocommerce_thumbnail\" alt=\"Dewalt DCD796P2-QW 18V\/5.0Ah Li-ion \u00c7ift Ak\u00fcl\u00fc K\u00f6m\u00fcrs\u00fcz Profesyonel Darbeli Matkap\" srcset=\"https:\/\/canverditicaret.com\/wp-content\/uploads\/2025\/05\/dcd796-vitrin.webp 424w, https:\/\/canverditicaret.com\/wp-content\/uploads\/2025\/05\/dcd796-vitrin-212x300.webp 212w, https:\/\/canverditicaret.com\/wp-content\/uploads\/2025\/05\/dcd796-vitrin-8x12.webp 8w, https:\/\/canverditicaret.com\/wp-content\/uploads\/2025\/05\/dcd796-vitrin-150x212.webp 150w\" sizes=\"(max-width: 424px) 100vw, 424px\" \/><\/div>\n\t\t\t\t\t<div class=\"wc-block-grid__product-title\">Dewalt DCD796P2-QW 18V\/5.0Ah Li-ion Dual Cordless Professional Impact Drill<\/div>\n\t\t\t\t<\/a>\n\t\t\t\t<div class=\"wc-block-grid__product-price price\"><del aria-hidden=\"true\"><span class=\"woocommerce-Price-amount amount\"><span class=\"woocommerce-Price-currencySymbol\">&#8378;<\/span>24.300<\/span><\/del> <ins><span class=\"woocommerce-Price-amount amount\"><span class=\"woocommerce-Price-currencySymbol\">&#8378;<\/span>24.255<\/span><\/ins><\/div>\n\t\t\t\t\n\t\t\t\t<div class=\"wp-block-button wc-block-grid__product-add-to-cart\"><a href=\"?add-to-cart=17454\" aria-label=\"Add \u201cDewalt DCD796P2-QW 18V\/5.0Ah Li-ion \u00c7ift Ak\u00fcl\u00fc K\u00f6m\u00fcrs\u00fcz Profesyonel Darbeli Matkap\u201d to your cart\" data-quantity=\"1\" data-product_id=\"17454\" data-product_sku=\"\" data-price=\"24255\" rel=\"nofollow\" class=\"wp-block-button__link  add_to_cart_button ajax_add_to_cart\" data-no-translation=\"\" data-trp-gettext=\"\" data-no-translation-aria-label=\"\">Add to cart<\/a><\/div>\n\t\t\t<\/li><li class=\"wc-block-grid__product\">\n\t\t\t\t<a href=\"https:\/\/canverditicaret.com\/en\/product\/bosch-gkf-550-professional-freze-06016a0020\/\" class=\"wc-block-grid__product-link\">\n\t\t\t\t\t<div class=\"wc-block-grid__product-onsale\">\n\t\t\t<span aria-hidden=\"true\" data-no-translation=\"\" data-trp-gettext=\"\">Sale<\/span>\n\t\t\t<span class=\"screen-reader-text\" data-no-translation=\"\" data-trp-gettext=\"\">Product on sale<\/span>\n\t\t<\/div>\n\t\t\t\t\t<div class=\"wc-block-grid__product-image\"><img decoding=\"async\" width=\"424\" height=\"600\" src=\"https:\/\/canverditicaret.com\/wp-content\/uploads\/2025\/05\/gkf-550-vitrin.webp\" class=\"attachment-woocommerce_thumbnail size-woocommerce_thumbnail\" alt=\"Bosch GKF 550 Professional Freze - 06016A0020\" srcset=\"https:\/\/canverditicaret.com\/wp-content\/uploads\/2025\/05\/gkf-550-vitrin.webp 424w, https:\/\/canverditicaret.com\/wp-content\/uploads\/2025\/05\/gkf-550-vitrin-212x300.webp 212w, https:\/\/canverditicaret.com\/wp-content\/uploads\/2025\/05\/gkf-550-vitrin-8x12.webp 8w, https:\/\/canverditicaret.com\/wp-content\/uploads\/2025\/05\/gkf-550-vitrin-150x212.webp 150w\" sizes=\"(max-width: 424px) 100vw, 424px\" \/><\/div>\n\t\t\t\t\t<div class=\"wc-block-grid__product-title\">Bosch GKF 550 Professional Milling Cutter \u2013 06016A0020<\/div>\n\t\t\t\t<\/a>\n\t\t\t\t<div class=\"wc-block-grid__product-price price\"><del aria-hidden=\"true\"><span class=\"woocommerce-Price-amount amount\"><span class=\"woocommerce-Price-currencySymbol\">&#8378;<\/span>5.350<\/span><\/del> <ins><span class=\"woocommerce-Price-amount amount\"><span class=\"woocommerce-Price-currencySymbol\">&#8378;<\/span>5.336<\/span><\/ins><\/div>\n\t\t\t\t\n\t\t\t\t<div class=\"wp-block-button wc-block-grid__product-add-to-cart\"><a href=\"?add-to-cart=17447\" aria-label=\"Add \u201cBosch GKF 550 Professional Freze - 06016A0020\u201d to your cart\" data-quantity=\"1\" data-product_id=\"17447\" data-product_sku=\"\" data-price=\"5336\" rel=\"nofollow\" class=\"wp-block-button__link  add_to_cart_button ajax_add_to_cart\" data-no-translation=\"\" data-trp-gettext=\"\" data-no-translation-aria-label=\"\">Add to cart<\/a><\/div>\n\t\t\t<\/li><li class=\"wc-block-grid__product\">\n\t\t\t\t<a href=\"https:\/\/canverditicaret.com\/en\/product\/test1\/\" class=\"wc-block-grid__product-link\">\n\t\t\t\t\t\n\t\t\t\t\t<div class=\"wc-block-grid__product-image\"><img loading=\"lazy\" decoding=\"async\" width=\"430\" height=\"430\" src=\"https:\/\/canverditicaret.com\/wp-content\/uploads\/woocommerce-placeholder-430x430.png\" class=\"woocommerce-placeholder wp-post-image\" alt=\"\" srcset=\"https:\/\/canverditicaret.com\/wp-content\/uploads\/woocommerce-placeholder-430x430.png 430w, https:\/\/canverditicaret.com\/wp-content\/uploads\/woocommerce-placeholder-150x150.png 150w, https:\/\/canverditicaret.com\/wp-content\/uploads\/woocommerce-placeholder-700x700.png 700w, https:\/\/canverditicaret.com\/wp-content\/uploads\/woocommerce-placeholder-300x300.png 300w, https:\/\/canverditicaret.com\/wp-content\/uploads\/woocommerce-placeholder-1024x1024.png 1024w, https:\/\/canverditicaret.com\/wp-content\/uploads\/woocommerce-placeholder-768x768.png 768w, https:\/\/canverditicaret.com\/wp-content\/uploads\/woocommerce-placeholder.png 1200w\" sizes=\"(max-width: 430px) 100vw, 430px\" \/><\/div>\n\t\t\t\t\t<div class=\"wc-block-grid__product-title\">test1<\/div>\n\t\t\t\t<\/a>\n\t\t\t\t<div class=\"wc-block-grid__product-price price\"><span class=\"woocommerce-Price-amount amount\"><span class=\"woocommerce-Price-currencySymbol\">&#8378;<\/span>10<\/span><\/div>\n\t\t\t\t\n\t\t\t\t<div class=\"wp-block-button wc-block-grid__product-add-to-cart\"><a href=\"?add-to-cart=17427\" aria-label=\"Add \u201ctest1\u201d to your cart\" data-quantity=\"1\" data-product_id=\"17427\" data-product_sku=\"\" data-price=\"10\" rel=\"nofollow\" class=\"wp-block-button__link  add_to_cart_button ajax_add_to_cart\" data-no-translation=\"\" data-trp-gettext=\"\" data-no-translation-aria-label=\"\">Add to cart<\/a><\/div>\n\t\t\t<\/li><\/ul><\/div><\/div><\/div>","protected":false},"excerpt":{"rendered":"","protected":false},"author":1,"featured_media":0,"parent":0,"menu_order":0,"comment_status":"closed","ping_status":"closed","template":"","meta":{"footnotes":""},"class_list":["post-9","page","type-page","status-publish","hentry"],"yoast_head":"<!-- This site is optimized with the Yoast SEO plugin v21.6 - https:\/\/yoast.com\/wordpress\/plugins\/seo\/ -->\n<title>Sepet - Can Verdi Ticaret<\/title>\n<meta name=\"robots\" content=\"index, follow, max-snippet:-1, max-image-preview:large, max-video-preview:-1\" \/>\n<link rel=\"canonical\" href=\"https:\/\/canverditicaret.com\/en\/sepet\/\" \/>\n<meta property=\"og:locale\" content=\"en_US\" \/>\n<meta property=\"og:type\" content=\"article\" \/>\n<meta property=\"og:title\" content=\"Sepet - Can Verdi Ticaret\" \/>\n<meta property=\"og:url\" content=\"https:\/\/canverditicaret.com\/en\/sepet\/\" \/>\n<meta property=\"og:site_name\" content=\"Can Verdi Ticaret\" \/>\n<meta name=\"twitter:card\" content=\"summary_large_image\" \/>\n<script type=\"application\/ld+json\" class=\"yoast-schema-graph\">{\"@context\":\"https:\/\/schema.org\",\"@graph\":[{\"@type\":\"WebPage\",\"@id\":\"https:\/\/canverditicaret.com\/sepet\/\",\"url\":\"https:\/\/canverditicaret.com\/sepet\/\",\"name\":\"Sepet - Can Verdi Ticaret\",\"isPartOf\":{\"@id\":\"https:\/\/canverditicaret.com\/#website\"},\"datePublished\":\"2023-12-09T01:58:57+00:00\",\"dateModified\":\"2023-12-09T01:58:57+00:00\",\"breadcrumb\":{\"@id\":\"https:\/\/canverditicaret.com\/sepet\/#breadcrumb\"},\"inLanguage\":\"en-US\",\"potentialAction\":[{\"@type\":\"ReadAction\",\"target\":[\"https:\/\/canverditicaret.com\/sepet\/\"]}]},{\"@type\":\"BreadcrumbList\",\"@id\":\"https:\/\/canverditicaret.com\/sepet\/#breadcrumb\",\"itemListElement\":[{\"@type\":\"ListItem\",\"position\":1,\"name\":\"Anasayfa\",\"item\":\"https:\/\/canverditicaret.com\/\"},{\"@type\":\"ListItem\",\"position\":2,\"name\":\"Sepet\"}]},{\"@type\":\"WebSite\",\"@id\":\"https:\/\/canverditicaret.com\/#website\",\"url\":\"https:\/\/canverditicaret.com\/\",\"name\":\"Can Verdi Ticaret\",\"description\":\"Can Verdi Ticaret\",\"potentialAction\":[{\"@type\":\"SearchAction\",\"target\":{\"@type\":\"EntryPoint\",\"urlTemplate\":\"https:\/\/canverditicaret.com\/?s={search_term_string}\"},\"query-input\":\"required name=search_term_string\"}],\"inLanguage\":\"en-US\"}]}<\/script>\n<!-- \/ Yoast SEO plugin. -->","yoast_head_json":{"title":"Sepet - Can Verdi Ticaret","robots":{"index":"index","follow":"follow","max-snippet":"max-snippet:-1","max-image-preview":"max-image-preview:large","max-video-preview":"max-video-preview:-1"},"canonical":"https:\/\/canverditicaret.com\/en\/sepet\/","og_locale":"en_US","og_type":"article","og_title":"Sepet - Can Verdi Ticaret","og_url":"https:\/\/canverditicaret.com\/en\/sepet\/","og_site_name":"Can Verdi Ticaret","twitter_card":"summary_large_image","schema":{"@context":"https:\/\/schema.org","@graph":[{"@type":"WebPage","@id":"https:\/\/canverditicaret.com\/sepet\/","url":"https:\/\/canverditicaret.com\/sepet\/","name":"Sepet - Can Verdi Ticaret","isPartOf":{"@id":"https:\/\/canverditicaret.com\/#website"},"datePublished":"2023-12-09T01:58:57+00:00","dateModified":"2023-12-09T01:58:57+00:00","breadcrumb":{"@id":"https:\/\/canverditicaret.com\/sepet\/#breadcrumb"},"inLanguage":"en-US","potentialAction":[{"@type":"ReadAction","target":["https:\/\/canverditicaret.com\/sepet\/"]}]},{"@type":"BreadcrumbList","@id":"https:\/\/canverditicaret.com\/sepet\/#breadcrumb","itemListElement":[{"@type":"ListItem","position":1,"name":"Anasayfa","item":"https:\/\/canverditicaret.com\/"},{"@type":"ListItem","position":2,"name":"Sepet"}]},{"@type":"WebSite","@id":"https:\/\/canverditicaret.com\/#website","url":"https:\/\/canverditicaret.com\/","name":"Can Verdi Ticaret","description":"Can Verdi Ticaret","potentialAction":[{"@type":"SearchAction","target":{"@type":"EntryPoint","urlTemplate":"https:\/\/canverditicaret.com\/?s={search_term_string}"},"query-input":"required name=search_term_string"}],"inLanguage":"en-US"}]}},"_links":{"self":[{"href":"https:\/\/canverditicaret.com\/en\/wp-json\/wp\/v2\/pages\/9","targetHints":{"allow":["GET"]}}],"collection":[{"href":"https:\/\/canverditicaret.com\/en\/wp-json\/wp\/v2\/pages"}],"about":[{"href":"https:\/\/canverditicaret.com\/en\/wp-json\/wp\/v2\/types\/page"}],"author":[{"embeddable":true,"href":"https:\/\/canverditicaret.com\/en\/wp-json\/wp\/v2\/users\/1"}],"replies":[{"embeddable":true,"href":"https:\/\/canverditicaret.com\/en\/wp-json\/wp\/v2\/comments?post=9"}],"version-history":[{"count":0,"href":"https:\/\/canverditicaret.com\/en\/wp-json\/wp\/v2\/pages\/9\/revisions"}],"wp:attachment":[{"href":"https:\/\/canverditicaret.com\/en\/wp-json\/wp\/v2\/media?parent=9"}],"curies":[{"name":"wp","href":"https:\/\/api.w.org\/{rel}","templated":true}]}}