{"id":15623,"date":"2023-12-24T22:12:51","date_gmt":"2023-12-24T19:12:51","guid":{"rendered":"https:\/\/canverditicaret.com\/?page_id=15623"},"modified":"2023-12-24T22:16:07","modified_gmt":"2023-12-24T19:16:07","slug":"hakkimizda","status":"publish","type":"page","link":"https:\/\/canverditicaret.com\/en\/hakkimizda\/","title":{"rendered":"about us"},"content":{"rendered":"<div data-elementor-type=\"wp-page\" data-elementor-id=\"15623\" class=\"elementor elementor-15623\" data-elementor-post-type=\"page\">\n\t\t\t\t\t\t\t<div class=\"wd-negative-gap elementor-element elementor-element-cf28159 e-flex e-con-boxed wd-section-disabled e-con e-parent\" data-id=\"cf28159\" data-element_type=\"container\" data-settings=\"{&quot;content_width&quot;:&quot;boxed&quot;}\" data-core-v316-plus=\"true\">\n\t\t\t\t\t<div class=\"e-con-inner\">\n\t\t<div class=\"elementor-element elementor-element-e5d6a3b e-con-full e-flex wd-section-disabled elementor-invisible e-con e-child\" data-id=\"e5d6a3b\" data-element_type=\"container\" data-settings=\"{&quot;content_width&quot;:&quot;full&quot;,&quot;animation&quot;:&quot;fadeInLeft&quot;}\">\n\t\t\t\t<div class=\"elementor-element elementor-element-f8fc28d elementor-widget elementor-widget-heading\" data-id=\"f8fc28d\" data-element_type=\"widget\" data-widget_type=\"heading.default\">\n\t\t\t\t<div class=\"elementor-widget-container\">\n\t\t\t<style>\/*! elementor - v3.18.0 - 04-12-2023 *\/\n.elementor-heading-title{padding:0;margin:0;line-height:1}.elementor-widget-heading .elementor-heading-title[class*=elementor-size-]>a{color:inherit;font-size:inherit;line-height:inherit}.elementor-widget-heading .elementor-heading-title.elementor-size-small{font-size:15px}.elementor-widget-heading .elementor-heading-title.elementor-size-medium{font-size:19px}.elementor-widget-heading .elementor-heading-title.elementor-size-large{font-size:29px}.elementor-widget-heading .elementor-heading-title.elementor-size-xl{font-size:39px}.elementor-widget-heading .elementor-heading-title.elementor-size-xxl{font-size:59px}<\/style><h2 class=\"elementor-heading-title elementor-size-default\">about us<\/h2>\t\t<\/div>\n\t\t\t\t<\/div>\n\t\t\t\t<div class=\"elementor-element elementor-element-d5f76d4 color-scheme-inherit text-left elementor-widget elementor-widget-text-editor\" data-id=\"d5f76d4\" data-element_type=\"widget\" data-widget_type=\"text-editor.default\">\n\t\t\t\t<div class=\"elementor-widget-container\">\n\t\t\t<style>\/*! elementor - v3.18.0 - 04-12-2023 *\/\n.elementor-widget-text-editor.elementor-drop-cap-view-stacked .elementor-drop-cap{background-color:#69727d;color:#fff}.elementor-widget-text-editor.elementor-drop-cap-view-framed .elementor-drop-cap{color:#69727d;border:3px solid;background-color:transparent}.elementor-widget-text-editor:not(.elementor-drop-cap-view-default) .elementor-drop-cap{margin-top:8px}.elementor-widget-text-editor:not(.elementor-drop-cap-view-default) .elementor-drop-cap-letter{width:1em;height:1em}.elementor-widget-text-editor .elementor-drop-cap{float:left;text-align:center;line-height:1;font-size:50px}.elementor-widget-text-editor .elementor-drop-cap-letter{display:inline-block}<\/style>\t\t\t\t<p><strong>Canverdi Trade<\/strong>serves as the reliable address of high quality carpentry products in the heart of Alanya. We are a company that has adopted the mission of providing our customers with the best equipment in the field of carpentry by offering the leading products of the Bosch brand. With our expert staff and wide product range, we meet the needs of both professional carpenters and hobbyists. We aim to make a difference in the sector with our quality service approach by always keeping customer satisfaction at the forefront.<\/p>\t\t\t\t\t\t<\/div>\n\t\t\t\t<\/div>\n\t\t\t\t<\/div>\n\t\t<div class=\"elementor-element elementor-element-7d35dea e-con-full e-flex wd-section-disabled elementor-invisible e-con e-child\" data-id=\"7d35dea\" data-element_type=\"container\" data-settings=\"{&quot;content_width&quot;:&quot;full&quot;,&quot;animation&quot;:&quot;fadeInRight&quot;}\">\n\t\t\t\t<div class=\"elementor-element elementor-element-34b8930 elementor-widget elementor-widget-image\" data-id=\"34b8930\" data-element_type=\"widget\" data-widget_type=\"image.default\">\n\t\t\t\t<div class=\"elementor-widget-container\">\n\t\t\t<style>\/*! elementor - v3.18.0 - 04-12-2023 *\/\n.elementor-widget-image{text-align:center}.elementor-widget-image a{display:inline-block}.elementor-widget-image a img[src$=\".svg\"]{width:48px}.elementor-widget-image img{vertical-align:middle;display:inline-block}<\/style>\t\t\t\t\t\t\t\t\t\t\t\t<img fetchpriority=\"high\" decoding=\"async\" width=\"1036\" height=\"273\" src=\"https:\/\/canverditicaret.com\/wp-content\/uploads\/2023\/12\/can-verdi-logo.png\" class=\"attachment-large size-large wp-image-15600\" alt=\"\" srcset=\"https:\/\/canverditicaret.com\/wp-content\/uploads\/2023\/12\/can-verdi-logo.png 1036w, https:\/\/canverditicaret.com\/wp-content\/uploads\/2023\/12\/can-verdi-logo-430x113.png 430w, https:\/\/canverditicaret.com\/wp-content\/uploads\/2023\/12\/can-verdi-logo-150x40.png 150w, https:\/\/canverditicaret.com\/wp-content\/uploads\/2023\/12\/can-verdi-logo-700x184.png 700w, https:\/\/canverditicaret.com\/wp-content\/uploads\/2023\/12\/can-verdi-logo-400x105.png 400w, https:\/\/canverditicaret.com\/wp-content\/uploads\/2023\/12\/can-verdi-logo-768x202.png 768w, https:\/\/canverditicaret.com\/wp-content\/uploads\/2023\/12\/can-verdi-logo-18x5.png 18w, https:\/\/canverditicaret.com\/wp-content\/uploads\/2023\/12\/can-verdi-logo-860x227.png 860w\" sizes=\"(max-width: 1036px) 100vw, 1036px\" \/>\t\t\t\t\t\t\t\t\t\t\t\t\t\t\t<\/div>\n\t\t\t\t<\/div>\n\t\t\t\t<\/div>\n\t\t\t\t\t<\/div>\n\t\t\t\t<\/div>\n\t\t<div class=\"wd-negative-gap elementor-element elementor-element-0cc7712 e-flex e-con-boxed wd-section-disabled e-con e-parent\" data-id=\"0cc7712\" data-element_type=\"container\" data-settings=\"{&quot;content_width&quot;:&quot;boxed&quot;}\" data-core-v316-plus=\"true\">\n\t\t\t\t\t<div class=\"e-con-inner\">\n\t\t<div class=\"elementor-element elementor-element-223cb8f e-con-full e-flex wd-section-disabled elementor-invisible e-con e-child\" data-id=\"223cb8f\" data-element_type=\"container\" data-settings=\"{&quot;content_width&quot;:&quot;full&quot;,&quot;animation&quot;:&quot;fadeInLeft&quot;}\">\n\t\t\t\t<div class=\"elementor-element elementor-element-f784afb elementor-widget elementor-widget-heading\" data-id=\"f784afb\" data-element_type=\"widget\" data-widget_type=\"heading.default\">\n\t\t\t\t<div class=\"elementor-widget-container\">\n\t\t\t<h2 class=\"elementor-heading-title elementor-size-default\">Mission<\/h2>\t\t<\/div>\n\t\t\t\t<\/div>\n\t\t\t\t<div class=\"elementor-element elementor-element-924c428 color-scheme-inherit text-left elementor-widget elementor-widget-text-editor\" data-id=\"924c428\" data-element_type=\"widget\" data-widget_type=\"text-editor.default\">\n\t\t\t\t<div class=\"elementor-widget-container\">\n\t\t\t\t\t\t\t<p>As Canverdi Ticaret, our mission is; To make our customers&#039; jobs easier by offering the most up-to-date and high-quality Bosch carpentry products at competitive prices. We aim to offer solutions suitable for all kinds of needs with our wide product options for professional and amateur carpenters. Our main goal is to contribute to the industry with our innovative products and exceed the expectations of our customers by following the constantly developing technology.<\/p>\t\t\t\t\t\t<\/div>\n\t\t\t\t<\/div>\n\t\t\t\t<\/div>\n\t\t<div class=\"elementor-element elementor-element-987c949 e-con-full e-flex wd-section-disabled elementor-invisible e-con e-child\" data-id=\"987c949\" data-element_type=\"container\" data-settings=\"{&quot;content_width&quot;:&quot;full&quot;,&quot;animation&quot;:&quot;fadeInRight&quot;}\">\n\t\t\t\t<div class=\"elementor-element elementor-element-dcd0f79 elementor-widget elementor-widget-heading\" data-id=\"dcd0f79\" data-element_type=\"widget\" data-widget_type=\"heading.default\">\n\t\t\t\t<div class=\"elementor-widget-container\">\n\t\t\t<h2 class=\"elementor-heading-title elementor-size-default\">Vision<\/h2>\t\t<\/div>\n\t\t\t\t<\/div>\n\t\t\t\t<div class=\"elementor-element elementor-element-b5277de color-scheme-inherit text-left elementor-widget elementor-widget-text-editor\" data-id=\"b5277de\" data-element_type=\"widget\" data-widget_type=\"text-editor.default\">\n\t\t\t\t<div class=\"elementor-widget-container\">\n\t\t\t\t\t\t\t<p>As \u201cCanverdi Ticaret\u201d, our vision is to be a leading company in the field of carpentry products in Alanya and its surroundings and to provide excellent service to our customers. Our main goal is to meet customer needs in the best possible way by following the innovations in the sector with our constantly developing and renewed product range. By offering innovative and quality products of the Bosch brand, we are on our way to becoming a preferred brand in the carpentry industry.<\/p>\t\t\t\t\t\t<\/div>\n\t\t\t\t<\/div>\n\t\t\t\t<\/div>\n\t\t\t\t\t<\/div>\n\t\t\t\t<\/div>\n\t\t\t\t\t\t\t<\/div>","protected":false},"excerpt":{"rendered":"<p>About Us Canverdi Ticaret serves as the reliable address of high quality carpentry products in the heart of Alanya. By offering the leading products of the Bosch brand,<\/p>","protected":false},"author":1,"featured_media":0,"parent":0,"menu_order":0,"comment_status":"closed","ping_status":"closed","template":"elementor_header_footer","meta":{"footnotes":""},"class_list":["post-15623","page","type-page","status-publish","hentry"],"yoast_head":"<!-- This site is optimized with the Yoast SEO plugin v21.6 - https:\/\/yoast.com\/wordpress\/plugins\/seo\/ -->\n<title>Hakk\u0131m\u0131zda - Can Verdi Ticaret<\/title>\n<meta name=\"robots\" content=\"index, follow, max-snippet:-1, max-image-preview:large, max-video-preview:-1\" \/>\n<link rel=\"canonical\" href=\"https:\/\/canverditicaret.com\/en\/hakkimizda\/\" \/>\n<meta property=\"og:locale\" content=\"en_US\" \/>\n<meta property=\"og:type\" content=\"article\" \/>\n<meta property=\"og:title\" content=\"Hakk\u0131m\u0131zda - Can Verdi Ticaret\" \/>\n<meta property=\"og:description\" content=\"Hakk\u0131m\u0131zda Canverdi Ticaret, Alanya&#8217;n\u0131n kalbinde, y\u00fcksek kaliteli marangoz \u00fcr\u00fcnlerinin g\u00fcvenilir adresi olarak hizmet vermektedir. Bosch markas\u0131n\u0131n \u00f6nde gelen \u00fcr\u00fcnlerini sunarak,\" \/>\n<meta property=\"og:url\" content=\"https:\/\/canverditicaret.com\/en\/hakkimizda\/\" \/>\n<meta property=\"og:site_name\" content=\"Can Verdi Ticaret\" \/>\n<meta property=\"article:modified_time\" content=\"2023-12-24T19:16:07+00:00\" \/>\n<meta property=\"og:image\" content=\"https:\/\/canverditicaret.com\/wp-content\/uploads\/2023\/12\/can-verdi-logo.png\" \/>\n<meta name=\"twitter:card\" content=\"summary_large_image\" \/>\n<meta name=\"twitter:label1\" content=\"Est. reading time\" \/>\n\t<meta name=\"twitter:data1\" content=\"2 minutes\" \/>\n<script type=\"application\/ld+json\" class=\"yoast-schema-graph\">{\"@context\":\"https:\/\/schema.org\",\"@graph\":[{\"@type\":\"WebPage\",\"@id\":\"https:\/\/canverditicaret.com\/hakkimizda\/\",\"url\":\"https:\/\/canverditicaret.com\/hakkimizda\/\",\"name\":\"Hakk\u0131m\u0131zda - Can Verdi Ticaret\",\"isPartOf\":{\"@id\":\"https:\/\/canverditicaret.com\/#website\"},\"datePublished\":\"2023-12-24T19:12:51+00:00\",\"dateModified\":\"2023-12-24T19:16:07+00:00\",\"breadcrumb\":{\"@id\":\"https:\/\/canverditicaret.com\/hakkimizda\/#breadcrumb\"},\"inLanguage\":\"en-US\",\"potentialAction\":[{\"@type\":\"ReadAction\",\"target\":[\"https:\/\/canverditicaret.com\/hakkimizda\/\"]}]},{\"@type\":\"BreadcrumbList\",\"@id\":\"https:\/\/canverditicaret.com\/hakkimizda\/#breadcrumb\",\"itemListElement\":[{\"@type\":\"ListItem\",\"position\":1,\"name\":\"Anasayfa\",\"item\":\"https:\/\/canverditicaret.com\/\"},{\"@type\":\"ListItem\",\"position\":2,\"name\":\"Hakk\u0131m\u0131zda\"}]},{\"@type\":\"WebSite\",\"@id\":\"https:\/\/canverditicaret.com\/#website\",\"url\":\"https:\/\/canverditicaret.com\/\",\"name\":\"Can Verdi Ticaret\",\"description\":\"Can Verdi Ticaret\",\"potentialAction\":[{\"@type\":\"SearchAction\",\"target\":{\"@type\":\"EntryPoint\",\"urlTemplate\":\"https:\/\/canverditicaret.com\/?s={search_term_string}\"},\"query-input\":\"required name=search_term_string\"}],\"inLanguage\":\"en-US\"}]}<\/script>\n<!-- \/ Yoast SEO plugin. -->","yoast_head_json":{"title":"Hakk\u0131m\u0131zda - Can Verdi Ticaret","robots":{"index":"index","follow":"follow","max-snippet":"max-snippet:-1","max-image-preview":"max-image-preview:large","max-video-preview":"max-video-preview:-1"},"canonical":"https:\/\/canverditicaret.com\/en\/hakkimizda\/","og_locale":"en_US","og_type":"article","og_title":"Hakk\u0131m\u0131zda - Can Verdi Ticaret","og_description":"Hakk\u0131m\u0131zda Canverdi Ticaret, Alanya&#8217;n\u0131n kalbinde, y\u00fcksek kaliteli marangoz \u00fcr\u00fcnlerinin g\u00fcvenilir adresi olarak hizmet vermektedir. Bosch markas\u0131n\u0131n \u00f6nde gelen \u00fcr\u00fcnlerini sunarak,","og_url":"https:\/\/canverditicaret.com\/en\/hakkimizda\/","og_site_name":"Can Verdi Ticaret","article_modified_time":"2023-12-24T19:16:07+00:00","og_image":[{"url":"https:\/\/canverditicaret.com\/wp-content\/uploads\/2023\/12\/can-verdi-logo.png"}],"twitter_card":"summary_large_image","twitter_misc":{"Est. reading time":"2 minutes"},"schema":{"@context":"https:\/\/schema.org","@graph":[{"@type":"WebPage","@id":"https:\/\/canverditicaret.com\/hakkimizda\/","url":"https:\/\/canverditicaret.com\/hakkimizda\/","name":"Hakk\u0131m\u0131zda - Can Verdi Ticaret","isPartOf":{"@id":"https:\/\/canverditicaret.com\/#website"},"datePublished":"2023-12-24T19:12:51+00:00","dateModified":"2023-12-24T19:16:07+00:00","breadcrumb":{"@id":"https:\/\/canverditicaret.com\/hakkimizda\/#breadcrumb"},"inLanguage":"en-US","potentialAction":[{"@type":"ReadAction","target":["https:\/\/canverditicaret.com\/hakkimizda\/"]}]},{"@type":"BreadcrumbList","@id":"https:\/\/canverditicaret.com\/hakkimizda\/#breadcrumb","itemListElement":[{"@type":"ListItem","position":1,"name":"Anasayfa","item":"https:\/\/canverditicaret.com\/"},{"@type":"ListItem","position":2,"name":"Hakk\u0131m\u0131zda"}]},{"@type":"WebSite","@id":"https:\/\/canverditicaret.com\/#website","url":"https:\/\/canverditicaret.com\/","name":"Can Verdi Ticaret","description":"Can Verdi Ticaret","potentialAction":[{"@type":"SearchAction","target":{"@type":"EntryPoint","urlTemplate":"https:\/\/canverditicaret.com\/?s={search_term_string}"},"query-input":"required name=search_term_string"}],"inLanguage":"en-US"}]}},"_links":{"self":[{"href":"https:\/\/canverditicaret.com\/en\/wp-json\/wp\/v2\/pages\/15623","targetHints":{"allow":["GET"]}}],"collection":[{"href":"https:\/\/canverditicaret.com\/en\/wp-json\/wp\/v2\/pages"}],"about":[{"href":"https:\/\/canverditicaret.com\/en\/wp-json\/wp\/v2\/types\/page"}],"author":[{"embeddable":true,"href":"https:\/\/canverditicaret.com\/en\/wp-json\/wp\/v2\/users\/1"}],"replies":[{"embeddable":true,"href":"https:\/\/canverditicaret.com\/en\/wp-json\/wp\/v2\/comments?post=15623"}],"version-history":[{"count":5,"href":"https:\/\/canverditicaret.com\/en\/wp-json\/wp\/v2\/pages\/15623\/revisions"}],"predecessor-version":[{"id":15628,"href":"https:\/\/canverditicaret.com\/en\/wp-json\/wp\/v2\/pages\/15623\/revisions\/15628"}],"wp:attachment":[{"href":"https:\/\/canverditicaret.com\/en\/wp-json\/wp\/v2\/media?parent=15623"}],"curies":[{"name":"wp","href":"https:\/\/api.w.org\/{rel}","templated":true}]}}